{"id":1525,"date":"2024-12-31T12:31:01","date_gmt":"2024-12-31T12:31:01","guid":{"rendered":"https:\/\/clinicaissa.com\/canal-de-denuncias\/"},"modified":"2024-12-31T12:35:04","modified_gmt":"2024-12-31T12:35:04","slug":"canal-de-denuncias","status":"publish","type":"page","link":"https:\/\/clinicaissa.com\/es\/canal-de-denuncias\/","title":{"rendered":"Canal de denuncias"},"content":{"rendered":"<div class=\"wpb-content-wrapper\"><p>[vc_row css_animation=\u00bb\u00bb row_type=\u00bbrow\u00bb use_row_as_full_screen_section=\u00bbno\u00bb type=\u00bbfull_width\u00bb angled_section=\u00bbno\u00bb text_align=\u00bbleft\u00bb background_image_as_pattern=\u00bbwithout_pattern\u00bb css=\u00bb.vc_custom_1735637437057{padding-top: 200px !important;padding-bottom: 80px !important;}\u00bb z_index=\u00bb\u00bb][vc_column][vc_empty_space height=\u00bb50px\u00bb][vc_column_text css=\u00bb\u00bb]<\/p>\n<h1>Canal interno de informaci\u00f3n<\/h1>\n<p>[\/vc_column_text][vc_empty_space height=\u00bb50px\u00bb]\n<div class=\"wpcf7 no-js\" id=\"wpcf7-f1524-o1\" lang=\"es-ES\" dir=\"ltr\" data-wpcf7-id=\"1524\">\n<div class=\"screen-reader-response\"><p role=\"status\" aria-live=\"polite\" aria-atomic=\"true\"><\/p> <ul><\/ul><\/div>\n<form action=\"\/es\/wp-json\/wp\/v2\/pages\/1525#wpcf7-f1524-o1\" method=\"post\" class=\"wpcf7-form init default\" aria-label=\"Formulario de contacto\" novalidate=\"novalidate\" data-status=\"init\">\n<div style=\"display: none;\">\n<input type=\"hidden\" name=\"_wpcf7\" value=\"1524\" \/>\n<input type=\"hidden\" name=\"_wpcf7_version\" value=\"6.0.2\" \/>\n<input type=\"hidden\" name=\"_wpcf7_locale\" value=\"es_ES\" \/>\n<input type=\"hidden\" name=\"_wpcf7_unit_tag\" value=\"wpcf7-f1524-o1\" \/>\n<input type=\"hidden\" name=\"_wpcf7_container_post\" value=\"0\" \/>\n<input type=\"hidden\" name=\"_wpcf7_posted_data_hash\" value=\"\" \/>\n<input type=\"hidden\" name=\"_wpcf7cf_hidden_group_fields\" value=\"[]\" \/>\n<input type=\"hidden\" name=\"_wpcf7cf_hidden_groups\" value=\"[]\" \/>\n<input type=\"hidden\" name=\"_wpcf7cf_visible_groups\" value=\"[]\" \/>\n<input type=\"hidden\" name=\"_wpcf7cf_repeaters\" value=\"[]\" \/>\n<input type=\"hidden\" name=\"_wpcf7cf_steps\" value=\"{}\" \/>\n<input type=\"hidden\" name=\"_wpcf7cf_options\" value=\"{&quot;form_id&quot;:1524,&quot;conditions&quot;:[{&quot;then_field&quot;:&quot;gAceptacio&quot;,&quot;and_rules&quot;:[{&quot;if_field&quot;:&quot;acceptance-768&quot;,&quot;operator&quot;:&quot;not equals&quot;,&quot;if_value&quot;:&quot;1&quot;}]},{&quot;then_field&quot;:&quot;gDenuncia&quot;,&quot;and_rules&quot;:[{&quot;if_field&quot;:&quot;acceptance-768&quot;,&quot;operator&quot;:&quot;equals&quot;,&quot;if_value&quot;:&quot;1&quot;}]},{&quot;then_field&quot;:&quot;gPersones&quot;,&quot;and_rules&quot;:[{&quot;if_field&quot;:&quot;persones&quot;,&quot;operator&quot;:&quot;equals&quot;,&quot;if_value&quot;:&quot;Si&quot;}]},{&quot;then_field&quot;:&quot;gTestimonis&quot;,&quot;and_rules&quot;:[{&quot;if_field&quot;:&quot;testimonis&quot;,&quot;operator&quot;:&quot;equals&quot;,&quot;if_value&quot;:&quot;Si&quot;}]},{&quot;then_field&quot;:&quot;gAnonim&quot;,&quot;and_rules&quot;:[{&quot;if_field&quot;:&quot;comunicacioAnonima&quot;,&quot;operator&quot;:&quot;equals&quot;,&quot;if_value&quot;:&quot;Si&quot;}]},{&quot;then_field&quot;:&quot;gComunicacio&quot;,&quot;and_rules&quot;:[{&quot;if_field&quot;:&quot;metodeContacte&quot;,&quot;operator&quot;:&quot;equals&quot;,&quot;if_value&quot;:&quot;Si&quot;}]}],&quot;settings&quot;:{&quot;animation&quot;:&quot;yes&quot;,&quot;animation_intime&quot;:200,&quot;animation_outtime&quot;:200,&quot;conditions_ui&quot;:&quot;normal&quot;,&quot;notice_dismissed&quot;:false}}\" \/>\n<input type=\"hidden\" name=\"_wpcf7_recaptcha_response\" value=\"\" \/>\n<\/div>\n<div data-id=\"gAceptacio\" data-orig_data_id=\"gAceptacio\"  data-class=\"wpcf7cf_group\">\n\t<h6 style=\"margin-bottom:15px\">Para poder presentar una denuncia, es necesario aceptar la pol\u00edtica sobre el Sistema Interno de Informaci\u00f3n\n\t<\/h6>\n\t<h6>Puedes consultar la pol\u00edtica sobre el Sistema Interno de Informaci\u00f3n en el <a href=\"https:\/\/clinicaissa.com\/politica_sii.pdf\" target=\"_blank\" style=\"text-decoration:underline;\">siguiente enlace<\/a>\n\t<\/h6>\n\t<div class=\"vc_empty_space\" style=\"height: 25px\">\n\t<\/div>\n\t<p><span class=\"wpcf7-form-control-wrap\" data-name=\"acceptance-768\"><span class=\"wpcf7-form-control wpcf7-acceptance\"><span class=\"wpcf7-list-item\"><label><input type=\"checkbox\" name=\"acceptance-768\" value=\"1\" id=\"privacitat\" aria-invalid=\"false\" \/><span class=\"wpcf7-list-item-label\">He le\u00eddo y acepto la pol\u00edtica sobre el Sistema Interno de Informaci\u00f3n<\/span><\/label><\/span><\/span><\/span>\n\t<\/p>\n<\/div>\n<div data-id=\"gDenuncia\" data-orig_data_id=\"gDenuncia\" data-clear_on_hide data-class=\"wpcf7cf_group\">\n\t<p><label>Relaci\u00f3n con la entidad<\/label><br \/>\n<span class=\"wpcf7-form-control-wrap\" data-name=\"relacioEntitat\"><span class=\"wpcf7-form-control wpcf7-radio\" id=\"relacioEntitat\"><span class=\"wpcf7-list-item first\"><label><input type=\"radio\" name=\"relacioEntitat\" value=\"Interno\" checked=\"checked\" \/><span class=\"wpcf7-list-item-label\">Interno<\/span><\/label><\/span><span class=\"wpcf7-list-item last\"><label><input type=\"radio\" name=\"relacioEntitat\" value=\"Externo\" \/><span class=\"wpcf7-list-item-label\">Externo<\/span><\/label><\/span><\/span><\/span>\n\t<\/p>\n\t<p><label>Tipo de conducta a comunicar<\/label><br \/>\n<span class=\"wpcf7-form-control-wrap\" data-name=\"TipusConducta\"><select class=\"wpcf7-form-control wpcf7-select wpcf7-validates-as-required\" aria-required=\"true\" aria-invalid=\"false\" name=\"TipusConducta\"><option value=\"\">Selecciona una conducta<\/option><option value=\"Contrataci\u00f3n p\u00fablica\">Contrataci\u00f3n p\u00fablica<\/option><option value=\"Servicios, productos y mercados financieros\">Servicios, productos y mercados financieros<\/option><option value=\"Blanqueo de capitales o financiaci\u00f3n del terrorismo\">Blanqueo de capitales o financiaci\u00f3n del terrorismo<\/option><option value=\"Seguridad y conformidad de los productos comercializados\">Seguridad y conformidad de los productos comercializados<\/option><option value=\"Seguridad del transporte\">Seguridad del transporte<\/option><option value=\"Protecci\u00f3n del medio ambiente\">Protecci\u00f3n del medio ambiente<\/option><option value=\"Protecci\u00f3n frente a radiaciones y seguridad nuclear\">Protecci\u00f3n frente a radiaciones y seguridad nuclear<\/option><option value=\"Salud p\u00fablica\">Salud p\u00fablica<\/option><option value=\"Protecci\u00f3n de los consumidores\">Protecci\u00f3n de los consumidores<\/option><option value=\"Protecci\u00f3n de la privacidad y de los datos personales, y seguridad de las redes y sistemas de informaci\u00f3n\">Protecci\u00f3n de la privacidad y de los datos personales, y seguridad de las redes y sistemas de informaci\u00f3n<\/option><option value=\"Intereses financieros de la Uni\u00f3n y mercado interior\">Intereses financieros de la Uni\u00f3n y mercado interior<\/option><option value=\"Corrupci\u00f3n p\u00fablica o privada\">Corrupci\u00f3n p\u00fablica o privada<\/option><option value=\"Acoso laboral o sexual\">Acoso laboral o sexual<\/option><option value=\"Propiedad industrial o intelectual\">Propiedad industrial o intelectual<\/option><option value=\"Libre competencia\">Libre competencia<\/option><option value=\"Subvenciones, Hacienda P\u00fablica o Seguridad Social\">Subvenciones, Hacienda P\u00fablica o Seguridad Social<\/option><option value=\"Integridad moral o los Derechos Humanos\">Integridad moral o los Derechos Humanos<\/option><option value=\"Cohecho\">Cohecho<\/option><option value=\"Tr\u00e1fico de influencias\">Tr\u00e1fico de influencias<\/option><option value=\"Conflictos de intereses\">Conflictos de intereses<\/option><option value=\"Prevenci\u00f3n de riesgos laborales\">Prevenci\u00f3n de riesgos laborales<\/option><option value=\"Otras infracciones penales\">Otras infracciones penales<\/option><option value=\"Otras infracciones administrativas graves o muy graves\">Otras infracciones administrativas graves o muy graves<\/option><option value=\"Otros (hechos denunciables recogidos en la Ley 2\/2023 de 20 de febrero)\">Otros (hechos denunciables recogidos en la Ley 2\/2023 de 20 de febrero)<\/option><\/select><\/span>\n\t<\/p>\n\t<p><label>\u00bfComunicaci\u00f3n an\u00f3nima? Si es an\u00f3nima, procure no incorporar informaci\u00f3n que le identifique<\/label><br \/>\n<span class=\"wpcf7-form-control-wrap\" data-name=\"comunicacioAnonima\"><span class=\"wpcf7-form-control wpcf7-radio\" id=\"comunicacioAnonima\"><span class=\"wpcf7-list-item first\"><label><input type=\"radio\" name=\"comunicacioAnonima\" value=\"Si\" checked=\"checked\" \/><span class=\"wpcf7-list-item-label\">Si<\/span><\/label><\/span><span class=\"wpcf7-list-item last\"><label><input type=\"radio\" name=\"comunicacioAnonima\" value=\"No\" \/><span class=\"wpcf7-list-item-label\">No<\/span><\/label><\/span><\/span><\/span>\n\t<\/p>\n\t<div data-id=\"gAnonim\" data-orig_data_id=\"gAnonim\" data-clear_on_hide data-class=\"wpcf7cf_group\">\n\t\t<p><label>En caso de an\u00f3nimo, \u00bfdesea facilitar un m\u00e9todo de contacto?<\/label><br \/>\n<span class=\"wpcf7-form-control-wrap\" data-name=\"metodeContacte\"><span class=\"wpcf7-form-control wpcf7-radio\" id=\"metodeContacte\"><span class=\"wpcf7-list-item first\"><label><input type=\"radio\" name=\"metodeContacte\" value=\"Si\" \/><span class=\"wpcf7-list-item-label\">Si<\/span><\/label><\/span><span class=\"wpcf7-list-item last\"><label><input type=\"radio\" name=\"metodeContacte\" value=\"No\" checked=\"checked\" \/><span class=\"wpcf7-list-item-label\">No<\/span><\/label><\/span><\/span><\/span>\n\t\t<\/p>\n\t\t<div data-id=\"gComunicacio\" data-orig_data_id=\"gComunicacio\" data-clear_on_hide data-class=\"wpcf7cf_group\">\n\t\t\t<p><label>El m\u00e9todo de contacto que prefiera. No hace falta dar nombres.<\/label><br \/>\n<span class=\"wpcf7-form-control-wrap\" data-name=\"metodeComunicacio\"><input size=\"40\" maxlength=\"400\" class=\"wpcf7-form-control wpcf7-text\" aria-invalid=\"false\" value=\"\" type=\"text\" name=\"metodeComunicacio\" \/><\/span>\n\t\t\t<\/p>\n\t\t<\/div>\n\t<\/div>\n\t<p><label>Descripci\u00f3n de la conducta que quiere comunicar <\/label><br \/>\n<span class=\"wpcf7-form-control-wrap\" data-name=\"descripcioConducta\"><textarea cols=\"40\" rows=\"10\" maxlength=\"2000\" class=\"wpcf7-form-control wpcf7-textarea wpcf7-validates-as-required\" id=\"descripcioConducta\" aria-required=\"true\" aria-invalid=\"false\" name=\"descripcioConducta\"><\/textarea><\/span>\n\t<\/p>\n\t<p><label>Fecha conocida de la conducta comunicada<\/label><br \/>\n<span class=\"wpcf7-form-control-wrap\" data-name=\"dataConducta\"><input class=\"wpcf7-form-control wpcf7-date wpcf7-validates-as-date\" id=\"dataConducta\" aria-invalid=\"false\" value=\"\" type=\"date\" name=\"dataConducta\" \/><\/span>\n\t<\/p>\n\t<p><label>\u00bfHay personas involucradas?<\/label><br \/>\n<span class=\"wpcf7-form-control-wrap\" data-name=\"persones\"><span class=\"wpcf7-form-control wpcf7-radio\" id=\"persones\"><span class=\"wpcf7-list-item first\"><label><input type=\"radio\" name=\"persones\" value=\"Si\" \/><span class=\"wpcf7-list-item-label\">Si<\/span><\/label><\/span><span class=\"wpcf7-list-item last\"><label><input type=\"radio\" name=\"persones\" value=\"No\" checked=\"checked\" \/><span class=\"wpcf7-list-item-label\">No<\/span><\/label><\/span><\/span><\/span>\n\t<\/p>\n\t<div data-id=\"gPersones\" data-orig_data_id=\"gPersones\" data-clear_on_hide data-class=\"wpcf7cf_group\">\n\t\t<p><label>\u00bfCu\u00e1les?<\/label><br \/>\n<span class=\"wpcf7-form-control-wrap\" data-name=\"personesInvolucrades\"><textarea cols=\"40\" rows=\"10\" maxlength=\"2000\" class=\"wpcf7-form-control wpcf7-textarea wpcf7-validates-as-required\" id=\"personesInvolucrades\" aria-required=\"true\" aria-invalid=\"false\" name=\"personesInvolucrades\"><\/textarea><\/span>\n\t\t<\/p>\n\t<\/div>\n\t<p><label>\u00bfHay testimonios?<\/label><br \/>\n<span class=\"wpcf7-form-control-wrap\" data-name=\"testimonis\"><span class=\"wpcf7-form-control wpcf7-radio\" id=\"testimonis\"><span class=\"wpcf7-list-item first\"><label><input type=\"radio\" name=\"testimonis\" value=\"Si\" \/><span class=\"wpcf7-list-item-label\">Si<\/span><\/label><\/span><span class=\"wpcf7-list-item last\"><label><input type=\"radio\" name=\"testimonis\" value=\"No\" checked=\"checked\" \/><span class=\"wpcf7-list-item-label\">No<\/span><\/label><\/span><\/span><\/span>\n\t<\/p>\n\t<div data-id=\"gTestimonis\" data-orig_data_id=\"gTestimonis\" data-clear_on_hide data-class=\"wpcf7cf_group\">\n\t\t<p><label>\u00bfCu\u00e1les?<\/label><br \/>\n<span class=\"wpcf7-form-control-wrap\" data-name=\"testimonisInvolucrats\"><textarea cols=\"40\" rows=\"10\" maxlength=\"2000\" class=\"wpcf7-form-control wpcf7-textarea wpcf7-validates-as-required\" id=\"testimonisInvolucrats\" aria-required=\"true\" aria-invalid=\"false\" name=\"testimonisInvolucrats\"><\/textarea><\/span>\n\t\t<\/p>\n\t<\/div>\n\t<p><label>Ficheros<\/label><br \/>\n<span class=\"wpcf7-form-control-wrap\" data-name=\"arxius\"><input size=\"40\" class=\"wpcf7-form-control wpcf7-drag-n-drop-file d-none\" aria-invalid=\"false\" type=\"file\" multiple=\"multiple\" data-name=\"arxius\" data-limit=\"5000000\" data-min=\"1\" data-id=\"1524\" data-version=\"free version 1.3.8.5\" accept=\".\" \/><\/span>\n\t<\/p>\n\t<p><input class=\"wpcf7-form-control wpcf7-submit has-spinner\" type=\"submit\" value=\"Enviar denuncia\" \/>\n\t<\/p>\n<\/div><div class=\"wpcf7-response-output\" aria-hidden=\"true\"><\/div>\n<\/form>\n<\/div>\n[\/vc_column][\/vc_row]<\/p>\n<\/div>","protected":false},"excerpt":{"rendered":"<p>[vc_row css_animation=\u00bb\u00bb row_type=\u00bbrow\u00bb use_row_as_full_screen_section=\u00bbno\u00bb type=\u00bbfull_width\u00bb angled_section=\u00bbno\u00bb text_align=\u00bbleft\u00bb background_image_as_pattern=\u00bbwithout_pattern\u00bb css=\u00bb.vc_custom_1735637437057{padding-top: 200px !important;padding-bottom: 80px !important;}\u00bb z_index=\u00bb\u00bb][vc_column][vc_empty_space height=\u00bb50px\u00bb][vc_column_text css=\u00bb\u00bb] Canal interno de informaci\u00f3n [\/vc_column_text][vc_empty_space height=\u00bb50px\u00bb][\/vc_column][\/vc_row]<\/p>\n","protected":false},"author":1,"featured_media":0,"parent":0,"menu_order":0,"comment_status":"closed","ping_status":"closed","template":"","meta":{"footnotes":""},"class_list":["post-1525","page","type-page","status-publish","hentry"],"_links":{"self":[{"href":"https:\/\/clinicaissa.com\/es\/wp-json\/wp\/v2\/pages\/1525","targetHints":{"allow":["GET"]}}],"collection":[{"href":"https:\/\/clinicaissa.com\/es\/wp-json\/wp\/v2\/pages"}],"about":[{"href":"https:\/\/clinicaissa.com\/es\/wp-json\/wp\/v2\/types\/page"}],"author":[{"embeddable":true,"href":"https:\/\/clinicaissa.com\/es\/wp-json\/wp\/v2\/users\/1"}],"replies":[{"embeddable":true,"href":"https:\/\/clinicaissa.com\/es\/wp-json\/wp\/v2\/comments?post=1525"}],"version-history":[{"count":3,"href":"https:\/\/clinicaissa.com\/es\/wp-json\/wp\/v2\/pages\/1525\/revisions"}],"predecessor-version":[{"id":1529,"href":"https:\/\/clinicaissa.com\/es\/wp-json\/wp\/v2\/pages\/1525\/revisions\/1529"}],"wp:attachment":[{"href":"https:\/\/clinicaissa.com\/es\/wp-json\/wp\/v2\/media?parent=1525"}],"curies":[{"name":"wp","href":"https:\/\/api.w.org\/{rel}","templated":true}]}}