{"id":792,"date":"2020-03-17T13:48:54","date_gmt":"2020-03-17T13:48:54","guid":{"rendered":"https:\/\/clinicaissa.com\/?page_id=792"},"modified":"2024-03-21T10:14:25","modified_gmt":"2024-03-21T10:14:25","slug":"issa","status":"publish","type":"page","link":"https:\/\/clinicaissa.com\/es\/issa\/","title":{"rendered":"Issa"},"content":{"rendered":"<div class=\"wpb-content-wrapper\"><p>[vc_row css_animation=\u00bb\u00bb row_type=\u00bbrow\u00bb use_row_as_full_screen_section=\u00bbno\u00bb type=\u00bbfull_width\u00bb angled_section=\u00bbno\u00bb text_align=\u00bbleft\u00bb background_image_as_pattern=\u00bbwithout_pattern\u00bb css=\u00bb.vc_custom_1583232173498{padding-top: 50px !important;}\u00bb z_index=\u00bb\u00bb][vc_column][vc_column_text]<\/p>\n<h2>Nosotros<\/h2>\n<p>[\/vc_column_text][vc_empty_space height=\u00bb30px\u00bb][vc_column_text]La\u00a0ISSA\u00a0\u00a0es la \u00fanica entidad aseguradora del Maresme con un centro m\u00e9dico propio de medicina privada de alta calidad, situado en el coro de Matar\u00f3.<\/p>\n<p>La\u00a0Cl\u00ednica ISSA\u00a0fue fundada el 1931 por un equipo de m\u00e9dicos interesados al dotar a Matar\u00f3 una asistencia sanitaria de calidad propia de aquellos momentos; a pesar de que las actividades no se iniciaron hasta el 1935.<\/p>\n<p>Muchos mataronins y mataronines nacieron a la\u00a0Cl\u00ednica *ISSA, se populariz\u00f3 y cal\u00f3 fondo en la sociedad mataronina, as\u00ed como en el resto de la comarca del Maresme.<\/p>\n<p>Tendr\u00e9is los mismos servicios de cualquier compa\u00f1\u00eda, pero adem\u00e1s con la ventaja de la proximidad y la flexibilidad en la hora de gestionar tr\u00e1mites.[\/vc_column_text][vc_empty_space height=\u00bb40px\u00bb][\/vc_column][\/vc_row][vc_row css_animation=\u00bb\u00bb row_type=\u00bbrow\u00bb use_row_as_full_screen_section=\u00bbno\u00bb type=\u00bbfull_width\u00bb angled_section=\u00bbno\u00bb text_align=\u00bbleft\u00bb background_image_as_pattern=\u00bbwithout_pattern\u00bb css=\u00bb.vc_custom_1582891342645{padding-top: 25px !important;}\u00bb z_index=\u00bb\u00bb][vc_column]<div class=\"qode-advanced-image-gallery  qode-aig-masonry-type qode-small-space   \">\n\t<div class=\"qode-aig-inner qode-outer-space qode-aig-masonry qode-aig-four-columns\">\n\t\t<div class=\"qode-aig-grid-sizer\"><\/div>\n\t\t<div class=\"qode-aig-grid-gutter\"><\/div>\n\t\t\t\t\t\t\t\t<div class=\"qode-aig-image qode-item-space qode-aig-default-masonry-item\">\n\t\t\t\t<div class=\"qode-aig-image-inner\">\n\t\t\t\t\t\t\t\t\t\t\t<img loading=\"lazy\" decoding=\"async\" width=\"750\" height=\"500\" src=\"https:\/\/clinicaissa.com\/wp-content\/uploads\/2020\/02\/1.jpg\" class=\"attachment-full size-full\" alt=\"\" srcset=\"https:\/\/clinicaissa.com\/wp-content\/uploads\/2020\/02\/1.jpg 750w, https:\/\/clinicaissa.com\/wp-content\/uploads\/2020\/02\/1-300x200.jpg 300w, https:\/\/clinicaissa.com\/wp-content\/uploads\/2020\/02\/1-700x467.jpg 700w\" sizes=\"auto, (max-width: 750px) 100vw, 750px\" \/>\t\t\t\t\t\t<span class=\"aig-gallery-hover\">\n\t\t\t\t\t\t\t\t\t\t\t\t\t<\/span>\n\t\t\t\t\t\t\t\t\t<\/div>\n\t\t\t<\/div>\n\t\t\t\t\t\t\t\t<div class=\"qode-aig-image qode-item-space qode-aig-default-masonry-item\">\n\t\t\t\t<div class=\"qode-aig-image-inner\">\n\t\t\t\t\t\t\t\t\t\t\t<img loading=\"lazy\" decoding=\"async\" width=\"750\" height=\"500\" src=\"https:\/\/clinicaissa.com\/wp-content\/uploads\/2020\/02\/2.jpg\" class=\"attachment-full size-full\" alt=\"\" srcset=\"https:\/\/clinicaissa.com\/wp-content\/uploads\/2020\/02\/2.jpg 750w, https:\/\/clinicaissa.com\/wp-content\/uploads\/2020\/02\/2-300x200.jpg 300w, https:\/\/clinicaissa.com\/wp-content\/uploads\/2020\/02\/2-700x467.jpg 700w\" sizes=\"auto, (max-width: 750px) 100vw, 750px\" \/>\t\t\t\t\t\t<span class=\"aig-gallery-hover\">\n\t\t\t\t\t\t\t\t\t\t\t\t\t<\/span>\n\t\t\t\t\t\t\t\t\t<\/div>\n\t\t\t<\/div>\n\t\t\t\t\t\t\t\t<div class=\"qode-aig-image qode-item-space qode-aig-default-masonry-item\">\n\t\t\t\t<div class=\"qode-aig-image-inner\">\n\t\t\t\t\t\t\t\t\t\t\t<img loading=\"lazy\" decoding=\"async\" width=\"753\" height=\"500\" src=\"https:\/\/clinicaissa.com\/wp-content\/uploads\/2020\/02\/3.jpg\" class=\"attachment-full size-full\" alt=\"\" srcset=\"https:\/\/clinicaissa.com\/wp-content\/uploads\/2020\/02\/3.jpg 753w, https:\/\/clinicaissa.com\/wp-content\/uploads\/2020\/02\/3-300x199.jpg 300w, https:\/\/clinicaissa.com\/wp-content\/uploads\/2020\/02\/3-700x465.jpg 700w\" sizes=\"auto, (max-width: 753px) 100vw, 753px\" \/>\t\t\t\t\t\t<span class=\"aig-gallery-hover\">\n\t\t\t\t\t\t\t\t\t\t\t\t\t<\/span>\n\t\t\t\t\t\t\t\t\t<\/div>\n\t\t\t<\/div>\n\t\t\t\t\t\t\t\t<div class=\"qode-aig-image qode-item-space qode-aig-default-masonry-item\">\n\t\t\t\t<div class=\"qode-aig-image-inner\">\n\t\t\t\t\t\t\t\t\t\t\t<img loading=\"lazy\" decoding=\"async\" width=\"344\" height=\"500\" src=\"https:\/\/clinicaissa.com\/wp-content\/uploads\/2020\/02\/4.jpg\" class=\"attachment-full size-full\" alt=\"\" srcset=\"https:\/\/clinicaissa.com\/wp-content\/uploads\/2020\/02\/4.jpg 344w, https:\/\/clinicaissa.com\/wp-content\/uploads\/2020\/02\/4-206x300.jpg 206w\" sizes=\"auto, (max-width: 344px) 100vw, 344px\" \/>\t\t\t\t\t\t<span class=\"aig-gallery-hover\">\n\t\t\t\t\t\t\t\t\t\t\t\t\t<\/span>\n\t\t\t\t\t\t\t\t\t<\/div>\n\t\t\t<\/div>\n\t\t\t\t\t\t\t\t<div class=\"qode-aig-image qode-item-space qode-aig-default-masonry-item\">\n\t\t\t\t<div class=\"qode-aig-image-inner\">\n\t\t\t\t\t\t\t\t\t\t\t<img loading=\"lazy\" decoding=\"async\" width=\"750\" height=\"500\" src=\"https:\/\/clinicaissa.com\/wp-content\/uploads\/2020\/02\/5.jpg\" class=\"attachment-full size-full\" alt=\"\" srcset=\"https:\/\/clinicaissa.com\/wp-content\/uploads\/2020\/02\/5.jpg 750w, https:\/\/clinicaissa.com\/wp-content\/uploads\/2020\/02\/5-300x200.jpg 300w, https:\/\/clinicaissa.com\/wp-content\/uploads\/2020\/02\/5-700x467.jpg 700w\" sizes=\"auto, (max-width: 750px) 100vw, 750px\" \/>\t\t\t\t\t\t<span class=\"aig-gallery-hover\">\n\t\t\t\t\t\t\t\t\t\t\t\t\t<\/span>\n\t\t\t\t\t\t\t\t\t<\/div>\n\t\t\t<\/div>\n\t\t\t\t\t\t\t\t<div class=\"qode-aig-image qode-item-space qode-aig-default-masonry-item\">\n\t\t\t\t<div class=\"qode-aig-image-inner\">\n\t\t\t\t\t\t\t\t\t\t\t<img loading=\"lazy\" decoding=\"async\" width=\"750\" height=\"500\" src=\"https:\/\/clinicaissa.com\/wp-content\/uploads\/2020\/02\/6.jpg\" class=\"attachment-full size-full\" alt=\"\" srcset=\"https:\/\/clinicaissa.com\/wp-content\/uploads\/2020\/02\/6.jpg 750w, https:\/\/clinicaissa.com\/wp-content\/uploads\/2020\/02\/6-300x200.jpg 300w, https:\/\/clinicaissa.com\/wp-content\/uploads\/2020\/02\/6-700x467.jpg 700w\" sizes=\"auto, (max-width: 750px) 100vw, 750px\" \/>\t\t\t\t\t\t<span class=\"aig-gallery-hover\">\n\t\t\t\t\t\t\t\t\t\t\t\t\t<\/span>\n\t\t\t\t\t\t\t\t\t<\/div>\n\t\t\t<\/div>\n\t\t\t\t\t\t\t\t<div class=\"qode-aig-image qode-item-space qode-aig-default-masonry-item\">\n\t\t\t\t<div class=\"qode-aig-image-inner\">\n\t\t\t\t\t\t\t\t\t\t\t<img loading=\"lazy\" decoding=\"async\" width=\"750\" height=\"500\" src=\"https:\/\/clinicaissa.com\/wp-content\/uploads\/2020\/02\/7.jpg\" class=\"attachment-full size-full\" alt=\"\" srcset=\"https:\/\/clinicaissa.com\/wp-content\/uploads\/2020\/02\/7.jpg 750w, https:\/\/clinicaissa.com\/wp-content\/uploads\/2020\/02\/7-300x200.jpg 300w, https:\/\/clinicaissa.com\/wp-content\/uploads\/2020\/02\/7-700x467.jpg 700w\" sizes=\"auto, (max-width: 750px) 100vw, 750px\" \/>\t\t\t\t\t\t<span class=\"aig-gallery-hover\">\n\t\t\t\t\t\t\t\t\t\t\t\t\t<\/span>\n\t\t\t\t\t\t\t\t\t<\/div>\n\t\t\t<\/div>\n\t\t\t\t\t\t\t\t<div class=\"qode-aig-image qode-item-space qode-aig-default-masonry-item\">\n\t\t\t\t<div class=\"qode-aig-image-inner\">\n\t\t\t\t\t\t\t\t\t\t\t<img loading=\"lazy\" decoding=\"async\" width=\"757\" height=\"500\" src=\"https:\/\/clinicaissa.com\/wp-content\/uploads\/2020\/02\/8.jpg\" class=\"attachment-full size-full\" alt=\"\" srcset=\"https:\/\/clinicaissa.com\/wp-content\/uploads\/2020\/02\/8.jpg 757w, https:\/\/clinicaissa.com\/wp-content\/uploads\/2020\/02\/8-300x198.jpg 300w, https:\/\/clinicaissa.com\/wp-content\/uploads\/2020\/02\/8-700x462.jpg 700w\" sizes=\"auto, (max-width: 757px) 100vw, 757px\" \/>\t\t\t\t\t\t<span class=\"aig-gallery-hover\">\n\t\t\t\t\t\t\t\t\t\t\t\t\t<\/span>\n\t\t\t\t\t\t\t\t\t<\/div>\n\t\t\t<\/div>\n\t\t\t\t\t\t\t\t<div class=\"qode-aig-image qode-item-space qode-aig-default-masonry-item\">\n\t\t\t\t<div class=\"qode-aig-image-inner\">\n\t\t\t\t\t\t\t\t\t\t\t<img loading=\"lazy\" decoding=\"async\" width=\"750\" height=\"500\" src=\"https:\/\/clinicaissa.com\/wp-content\/uploads\/2020\/02\/9.jpg\" class=\"attachment-full size-full\" alt=\"\" srcset=\"https:\/\/clinicaissa.com\/wp-content\/uploads\/2020\/02\/9.jpg 750w, https:\/\/clinicaissa.com\/wp-content\/uploads\/2020\/02\/9-300x200.jpg 300w, https:\/\/clinicaissa.com\/wp-content\/uploads\/2020\/02\/9-700x467.jpg 700w\" sizes=\"auto, (max-width: 750px) 100vw, 750px\" \/>\t\t\t\t\t\t<span class=\"aig-gallery-hover\">\n\t\t\t\t\t\t\t\t\t\t\t\t\t<\/span>\n\t\t\t\t\t\t\t\t\t<\/div>\n\t\t\t<\/div>\n\t\t\t\t\t\t\t\t<div class=\"qode-aig-image qode-item-space qode-aig-default-masonry-item\">\n\t\t\t\t<div class=\"qode-aig-image-inner\">\n\t\t\t\t\t\t\t\t\t\t\t<img loading=\"lazy\" decoding=\"async\" width=\"750\" height=\"500\" src=\"https:\/\/clinicaissa.com\/wp-content\/uploads\/2020\/02\/10.jpg\" class=\"attachment-full size-full\" alt=\"\" srcset=\"https:\/\/clinicaissa.com\/wp-content\/uploads\/2020\/02\/10.jpg 750w, https:\/\/clinicaissa.com\/wp-content\/uploads\/2020\/02\/10-300x200.jpg 300w, https:\/\/clinicaissa.com\/wp-content\/uploads\/2020\/02\/10-700x467.jpg 700w\" sizes=\"auto, (max-width: 750px) 100vw, 750px\" \/>\t\t\t\t\t\t<span class=\"aig-gallery-hover\">\n\t\t\t\t\t\t\t\t\t\t\t\t\t<\/span>\n\t\t\t\t\t\t\t\t\t<\/div>\n\t\t\t<\/div>\n\t\t\t\t\t\t\t\t<div class=\"qode-aig-image qode-item-space qode-aig-default-masonry-item\">\n\t\t\t\t<div class=\"qode-aig-image-inner\">\n\t\t\t\t\t\t\t\t\t\t\t<img loading=\"lazy\" decoding=\"async\" width=\"750\" height=\"500\" src=\"https:\/\/clinicaissa.com\/wp-content\/uploads\/2020\/02\/13.jpg\" class=\"attachment-full size-full\" alt=\"\" srcset=\"https:\/\/clinicaissa.com\/wp-content\/uploads\/2020\/02\/13.jpg 750w, https:\/\/clinicaissa.com\/wp-content\/uploads\/2020\/02\/13-300x200.jpg 300w, https:\/\/clinicaissa.com\/wp-content\/uploads\/2020\/02\/13-700x467.jpg 700w\" sizes=\"auto, (max-width: 750px) 100vw, 750px\" \/>\t\t\t\t\t\t<span class=\"aig-gallery-hover\">\n\t\t\t\t\t\t\t\t\t\t\t\t\t<\/span>\n\t\t\t\t\t\t\t\t\t<\/div>\n\t\t\t<\/div>\n\t\t\t<\/div>\n<\/div>[\/vc_column][\/vc_row][vc_row css_animation=\u00bb\u00bb row_type=\u00bbrow\u00bb use_row_as_full_screen_section=\u00bbno\u00bb type=\u00bbfull_width\u00bb angled_section=\u00bbno\u00bb text_align=\u00bbleft\u00bb background_image_as_pattern=\u00bbwithout_pattern\u00bb css=\u00bb.vc_custom_1582891960526{padding-top: 25px !important;padding-bottom: 25px !important;}\u00bb z_index=\u00bb\u00bb][vc_column][vc_column_text]<\/p>\n<h2>Especialidades<\/h2>\n<p>[\/vc_column_text][vc_empty_space height=\u00bb30px\u00bb][vc_column_text]Actualment a la nostra cl\u00ednica, comptem amb les seg\u00fcents especialitats m\u00e8diques:[\/vc_column_text][vc_row_inner row_type=\u00bbrow\u00bb type=\u00bbfull_width\u00bb text_align=\u00bbcenter\u00bb css_animation=\u00bb\u00bb css=\u00bb.vc_custom_1582891541933{padding-top: 25px !important;}\u00bb][vc_column_inner width=\u00bb1\/4&#8243;][vc_column_text css=\u00bb.vc_custom_1582891533223{margin-bottom: 20px !important;}\u00bb]Acupuntura[\/vc_column_text][\/vc_column_inner][vc_column_inner width=\u00bb1\/4&#8243;][vc_column_text css=\u00bb.vc_custom_1582891558024{margin-bottom: 20px !important;}\u00bb]Aparato Digestivo[\/vc_column_text][\/vc_column_inner][vc_column_inner width=\u00bb1\/4&#8243;][vc_column_text css=\u00bb.vc_custom_1582891567167{margin-bottom: 20px !important;}\u00bb]Cardiolog\u00eda[\/vc_column_text][\/vc_column_inner][vc_column_inner width=\u00bb1\/4&#8243;][vc_column_text css=\u00bb.vc_custom_1582891572806{margin-bottom: 20px !important;}\u00bb]Cirug\u00eda general[\/vc_column_text][\/vc_column_inner][\/vc_row_inner][vc_row_inner row_type=\u00bbrow\u00bb type=\u00bbfull_width\u00bb text_align=\u00bbcenter\u00bb css_animation=\u00bb\u00bb css=\u00bb.vc_custom_1582891541933{padding-top: 25px !important;}\u00bb][vc_column_inner width=\u00bb1\/4&#8243;][vc_column_text css=\u00bb.vc_custom_1582891583374{margin-bottom: 20px !important;}\u00bb]Cirug\u00eda vascular[\/vc_column_text][\/vc_column_inner][vc_column_inner width=\u00bb1\/4&#8243;][vc_column_text css=\u00bb.vc_custom_1582891589095{margin-bottom: 20px !important;}\u00bb]Dermatolog\u00eda[\/vc_column_text][\/vc_column_inner][vc_column_inner width=\u00bb1\/4&#8243;][vc_column_text]Diet\u00e9tica y nutrici\u00f3n[\/vc_column_text][\/vc_column_inner][vc_column_inner width=\u00bb1\/4&#8243;][vc_column_text css=\u00bb.vc_custom_1582891594752{margin-bottom: 20px !important;}\u00bb]Endocrinolog\u00eda[\/vc_column_text][\/vc_column_inner][\/vc_row_inner][vc_row_inner row_type=\u00bbrow\u00bb type=\u00bbfull_width\u00bb text_align=\u00bbcenter\u00bb css_animation=\u00bb\u00bb css=\u00bb.vc_custom_1582891541933{padding-top: 25px !important;}\u00bb][vc_column_inner width=\u00bb1\/4&#8243;][vc_column_text css=\u00bb.vc_custom_1583834681719{margin-bottom: 20px !important;}\u00bb]Fisioterapia[\/vc_column_text][\/vc_column_inner][vc_column_inner width=\u00bb1\/4&#8243;][vc_column_text css=\u00bb.vc_custom_1582891600728{margin-bottom: 20px !important;}\u00bb]Ginecolog\u00eda[\/vc_column_text][\/vc_column_inner][vc_column_inner width=\u00bb1\/4&#8243;][vc_column_text css=\u00bb.vc_custom_1582891607942{margin-bottom: 20px !important;}\u00bb]Homeopat\u00eda[\/vc_column_text][\/vc_column_inner][vc_column_inner width=\u00bb1\/4&#8243;][vc_column_text]Yoga[\/vc_column_text][\/vc_column_inner][\/vc_row_inner][vc_row_inner row_type=\u00bbrow\u00bb type=\u00bbfull_width\u00bb text_align=\u00bbcenter\u00bb css_animation=\u00bb\u00bb css=\u00bb.vc_custom_1582891541933{padding-top: 25px !important;}\u00bb][vc_column_inner width=\u00bb1\/4&#8243;][vc_column_text css=\u00bb.vc_custom_1582891614519{margin-bottom: 20px !important;}\u00bb]Logopedia[\/vc_column_text][\/vc_column_inner][vc_column_inner width=\u00bb1\/4&#8243;][vc_column_text css=\u00bb.vc_custom_1582891620432{margin-bottom: 20px !important;}\u00bb]Medicina general[\/vc_column_text][\/vc_column_inner][vc_column_inner width=\u00bb1\/4&#8243;][vc_column_text css=\u00bb.vc_custom_1582891639639{margin-bottom: 20px !important;}\u00bb]Psicolog\u00eda[\/vc_column_text][\/vc_column_inner][vc_column_inner width=\u00bb1\/4&#8243;][vc_column_text css=\u00bb.vc_custom_1582891645999{margin-bottom: 20px !important;}\u00bb]Traumatolog\u00eda[\/vc_column_text][\/vc_column_inner][\/vc_row_inner][vc_row_inner row_type=\u00bbrow\u00bb type=\u00bbfull_width\u00bb text_align=\u00bbcenter\u00bb css_animation=\u00bb\u00bb css=\u00bb.vc_custom_1582891541933{padding-top: 25px !important;}\u00bb][vc_column_inner width=\u00bb1\/4&#8243;][vc_column_text css=\u00bb.vc_custom_1582891651494{margin-bottom: 20px !important;}\u00bb]Urolog\u00eda[\/vc_column_text][\/vc_column_inner][vc_column_inner width=\u00bb1\/4&#8243;][\/vc_column_inner][vc_column_inner width=\u00bb1\/4&#8243;][\/vc_column_inner][vc_column_inner width=\u00bb1\/4&#8243;][\/vc_column_inner][\/vc_row_inner][\/vc_column][\/vc_row][vc_row css_animation=\u00bb\u00bb row_type=\u00bbrow\u00bb use_row_as_full_screen_section=\u00bbno\u00bb type=\u00bbfull_width\u00bb angled_section=\u00bbno\u00bb text_align=\u00bbleft\u00bb background_image_as_pattern=\u00bbwithout_pattern\u00bb css=\u00bb.vc_custom_1582891966532{padding-bottom: 80px !important;}\u00bb z_index=\u00bb\u00bb][vc_column][vc_column_text]<\/p>\n<h2>Otros servicios<\/h2>\n<p>[\/vc_column_text][vc_empty_space height=\u00bb30px\u00bb][vc_column_text]A Cl\u00ednica Issa buscamos el mejor para nuestros usuarios, por eso, adem\u00e1s de la <strong>atenci\u00f3n integral<\/strong> que ofrecemos con nuestras especialidades, tambi\u00e9n <strong>ofrecemos servicios complementarios y la realizaci\u00f3n de pruebas m\u00e9dicas<\/strong> en nuestras instalaciones.[\/vc_column_text][vc_row_inner row_type=\u00bbrow\u00bb type=\u00bbfull_width\u00bb text_align=\u00bbleft\u00bb css_animation=\u00bb\u00bb css=\u00bb.vc_custom_1582891744641{padding-top: 25px !important;}\u00bb][vc_column_inner width=\u00bb1\/2&#8243;][vc_column_text]A nuestras instalaciones tambi\u00e9n realizamos las siguientes <strong>PRUEBAS M\u00c9DICAS COMPLEMENTARIAS:<\/strong><\/p>\n<ul>\n<li>Laboratorio de an\u00e1lisis cl\u00ednicos<\/li>\n<li>Ecograf\u00edas vasculares<\/li>\n<li>Ecograf\u00edas ginecol\u00f3gicas<\/li>\n<li>Electrocardiograma<\/li>\n<\/ul>\n<p>[\/vc_column_text][\/vc_column_inner][vc_column_inner width=\u00bb1\/2&#8243;][vc_column_text]Tambi\u00e9n <strong>realizamos actividades relacionadas con la salud y el bienestar<\/strong>, como:<\/p>\n<ul>\n<li>Talleres Educaci\u00f3n emocional Infantiles<\/li>\n<li>Talleres \u00a0Entrenamiento para padres<\/li>\n<li>Charladas alimentaci\u00f3n, educaci\u00f3n, etc.<\/li>\n<li>Talleres para grupos determinados: mujeres, madres, etc.<\/li>\n<li>Estiramientos de cadenas musculares<\/li>\n<li>Osteopat\u00eda<\/li>\n<li>Rehabilitaci\u00f3n m\u00e9todo \u00abindiba activo\u00bb<\/li>\n<li>Reeducaciones *infanto-juveniles.<\/li>\n<li><\/li>\n<li>Etc, &#8230;<\/li>\n<\/ul>\n<p>[\/vc_column_text][\/vc_column_inner][\/vc_row_inner][\/vc_column][\/vc_row]<\/p>\n<\/div>","protected":false},"excerpt":{"rendered":"<p>[vc_row css_animation=\u00bb\u00bb row_type=\u00bbrow\u00bb use_row_as_full_screen_section=\u00bbno\u00bb type=\u00bbfull_width\u00bb angled_section=\u00bbno\u00bb text_align=\u00bbleft\u00bb background_image_as_pattern=\u00bbwithout_pattern\u00bb css=\u00bb.vc_custom_1583232173498{padding-top: 50px !important;}\u00bb z_index=\u00bb\u00bb][vc_column][vc_column_text] Nosotros [\/vc_column_text][vc_empty_space height=\u00bb30px\u00bb][vc_column_text]La\u00a0ISSA\u00a0\u00a0es la \u00fanica entidad aseguradora del Maresme con un centro m\u00e9dico propio de medicina privada de alta calidad, situado en el coro de Matar\u00f3. La\u00a0Cl\u00ednica ISSA\u00a0fue fundada el 1931 por un&#8230;<\/p>\n","protected":false},"author":1,"featured_media":0,"parent":0,"menu_order":0,"comment_status":"closed","ping_status":"closed","template":"","meta":{"footnotes":""},"class_list":["post-792","page","type-page","status-publish","hentry"],"_links":{"self":[{"href":"https:\/\/clinicaissa.com\/es\/wp-json\/wp\/v2\/pages\/792","targetHints":{"allow":["GET"]}}],"collection":[{"href":"https:\/\/clinicaissa.com\/es\/wp-json\/wp\/v2\/pages"}],"about":[{"href":"https:\/\/clinicaissa.com\/es\/wp-json\/wp\/v2\/types\/page"}],"author":[{"embeddable":true,"href":"https:\/\/clinicaissa.com\/es\/wp-json\/wp\/v2\/users\/1"}],"replies":[{"embeddable":true,"href":"https:\/\/clinicaissa.com\/es\/wp-json\/wp\/v2\/comments?post=792"}],"version-history":[{"count":8,"href":"https:\/\/clinicaissa.com\/es\/wp-json\/wp\/v2\/pages\/792\/revisions"}],"predecessor-version":[{"id":1468,"href":"https:\/\/clinicaissa.com\/es\/wp-json\/wp\/v2\/pages\/792\/revisions\/1468"}],"wp:attachment":[{"href":"https:\/\/clinicaissa.com\/es\/wp-json\/wp\/v2\/media?parent=792"}],"curies":[{"name":"wp","href":"https:\/\/api.w.org\/{rel}","templated":true}]}}