{"id":794,"date":"2020-03-17T13:49:32","date_gmt":"2020-03-17T13:49:32","guid":{"rendered":"https:\/\/clinicaissa.com\/?page_id=794"},"modified":"2021-06-10T07:28:06","modified_gmt":"2021-06-10T07:28:06","slug":"autoritzacion-on-line","status":"publish","type":"page","link":"https:\/\/clinicaissa.com\/es\/servicios\/autoritzacion-on-line\/","title":{"rendered":"Autoritzaci\u00f3n on-line"},"content":{"rendered":"<div class=\"wpb-content-wrapper\"><p>[vc_row css_animation=\u00bb\u00bb row_type=\u00bbrow\u00bb use_row_as_full_screen_section=\u00bbno\u00bb type=\u00bbfull_width\u00bb angled_section=\u00bbno\u00bb text_align=\u00bbleft\u00bb background_image_as_pattern=\u00bbwithout_pattern\u00bb css=\u00bb.vc_custom_1583234649534{padding-top: 50px !important;padding-bottom: 25px !important;}\u00bb z_index=\u00bb\u00bb][vc_column width=\u00bb2\/3&#8243;][vc_column_text]<\/p>\n<h1>Autoritzaci\u00f3n on-line<\/h1>\n<p>[\/vc_column_text][vc_separator type=\u00bbnormal\u00bb color=\u00bb#000000&#8243;][vc_empty_space][\/vc_column][vc_column width=\u00bb1\/3&#8243;][\/vc_column][\/vc_row][vc_row css_animation=\u00bb\u00bb row_type=\u00bbrow\u00bb use_row_as_full_screen_section=\u00bbno\u00bb type=\u00bbfull_width\u00bb angled_section=\u00bbno\u00bb text_align=\u00bbleft\u00bb background_image_as_pattern=\u00bbwithout_pattern\u00bb css=\u00bb.vc_custom_1582194588709{padding-top: 25px !important;padding-bottom: 80px !important;}\u00bb z_index=\u00bb\u00bb][vc_column][vc_column_text]<\/p>\n<h3>Enviad un e-mail con la petici\u00f3n adjunto a <a href=\"mailto:info@clinicaissa.com\">info@clinicaissa.com<\/a><\/h3>\n<h3>Enviad una fotograf\u00eda de la petici\u00f3n y de la tarjeta de ISSA v\u00eda WhatsApp al n\u00famero: <strong>673 374 708<\/strong><\/h3>\n<p>[\/vc_column_text][vc_empty_space][\/vc_column][\/vc_row]<\/p>\n<\/div>","protected":false},"excerpt":{"rendered":"<p>[vc_row css_animation=\u00bb\u00bb row_type=\u00bbrow\u00bb use_row_as_full_screen_section=\u00bbno\u00bb type=\u00bbfull_width\u00bb angled_section=\u00bbno\u00bb text_align=\u00bbleft\u00bb background_image_as_pattern=\u00bbwithout_pattern\u00bb css=\u00bb.vc_custom_1583234649534{padding-top: 50px !important;padding-bottom: 25px !important;}\u00bb z_index=\u00bb\u00bb][vc_column width=\u00bb2\/3&#8243;][vc_column_text] Autoritzaci\u00f3n on-line [\/vc_column_text][vc_separator type=\u00bbnormal\u00bb color=\u00bb#000000&#8243;][vc_empty_space][\/vc_column][vc_column width=\u00bb1\/3&#8243;][\/vc_column][\/vc_row][vc_row css_animation=\u00bb\u00bb row_type=\u00bbrow\u00bb use_row_as_full_screen_section=\u00bbno\u00bb type=\u00bbfull_width\u00bb angled_section=\u00bbno\u00bb text_align=\u00bbleft\u00bb background_image_as_pattern=\u00bbwithout_pattern\u00bb css=\u00bb.vc_custom_1582194588709{padding-top: 25px !important;padding-bottom: 80px !important;}\u00bb z_index=\u00bb\u00bb][vc_column][vc_column_text] Enviad un e-mail con la petici\u00f3n adjunto a info@clinicaissa.com Enviad una&#8230;<\/p>\n","protected":false},"author":1,"featured_media":0,"parent":779,"menu_order":0,"comment_status":"closed","ping_status":"closed","template":"","meta":{"footnotes":""},"class_list":["post-794","page","type-page","status-publish","hentry"],"_links":{"self":[{"href":"https:\/\/clinicaissa.com\/es\/wp-json\/wp\/v2\/pages\/794","targetHints":{"allow":["GET"]}}],"collection":[{"href":"https:\/\/clinicaissa.com\/es\/wp-json\/wp\/v2\/pages"}],"about":[{"href":"https:\/\/clinicaissa.com\/es\/wp-json\/wp\/v2\/types\/page"}],"author":[{"embeddable":true,"href":"https:\/\/clinicaissa.com\/es\/wp-json\/wp\/v2\/users\/1"}],"replies":[{"embeddable":true,"href":"https:\/\/clinicaissa.com\/es\/wp-json\/wp\/v2\/comments?post=794"}],"version-history":[{"count":4,"href":"https:\/\/clinicaissa.com\/es\/wp-json\/wp\/v2\/pages\/794\/revisions"}],"predecessor-version":[{"id":1162,"href":"https:\/\/clinicaissa.com\/es\/wp-json\/wp\/v2\/pages\/794\/revisions\/1162"}],"up":[{"embeddable":true,"href":"https:\/\/clinicaissa.com\/es\/wp-json\/wp\/v2\/pages\/779"}],"wp:attachment":[{"href":"https:\/\/clinicaissa.com\/es\/wp-json\/wp\/v2\/media?parent=794"}],"curies":[{"name":"wp","href":"https:\/\/api.w.org\/{rel}","templated":true}]}}