{"id":796,"date":"2020-03-17T13:54:11","date_gmt":"2020-03-17T13:54:11","guid":{"rendered":"https:\/\/clinicaissa.com\/?page_id=796"},"modified":"2024-02-26T10:32:06","modified_gmt":"2024-02-26T10:32:06","slug":"issa-dental","status":"publish","type":"page","link":"https:\/\/clinicaissa.com\/es\/servicios\/issa-dental\/","title":{"rendered":"ISSA DENTAL"},"content":{"rendered":"<div class=\"wpb-content-wrapper\"><p>[vc_row css_animation=\u00bb\u00bb row_type=\u00bbrow\u00bb use_row_as_full_screen_section=\u00bbno\u00bb type=\u00bbfull_width\u00bb angled_section=\u00bbno\u00bb text_align=\u00bbleft\u00bb background_image_as_pattern=\u00bbwithout_pattern\u00bb css=\u00bb.vc_custom_1583232288600{padding-top: 50px !important;padding-bottom: 25px !important;}\u00bb z_index=\u00bb\u00bb][vc_column width=\u00bb2\/3&#8243;][vc_column_text]<\/p>\n<h1>Issa Dental<\/h1>\n<p>[\/vc_column_text][\/vc_column][vc_column width=\u00bb1\/3&#8243;][\/vc_column][\/vc_row][vc_row css_animation=\u00bb\u00bb row_type=\u00bbrow\u00bb use_row_as_full_screen_section=\u00bbno\u00bb type=\u00bbfull_width\u00bb angled_section=\u00bbno\u00bb text_align=\u00bbleft\u00bb background_image_as_pattern=\u00bbwithout_pattern\u00bb css=\u00bb.vc_custom_1582884264435{padding-bottom: 80px !important;}\u00bb z_index=\u00bb\u00bb][vc_column][vc_row_inner row_type=\u00bbrow\u00bb type=\u00bbfull_width\u00bb text_align=\u00bbleft\u00bb css_animation=\u00bb\u00bb][vc_column_inner width=\u00bb9\/12&#8243;][vc_column_text]La p\u00f3liza\u00a0 <strong>*Issa Dental <\/strong>te permitir\u00e1 disfrutar de la <strong>mejor asistencia odontol\u00f3gica<\/strong> al mejor precio y con un <strong>servicio de urgencias 24 horas incluido<\/strong> a la p\u00f3liza.<\/p>\n<p>Por el sol hecho de contratar la p\u00f3liza <strong>tendr\u00e1s sin ning\u00fan coste adicional<\/strong> muchos servicios como por ejemplo <strong>revisiones, limpiezas bucales y ortopantomograf\u00edas.<\/strong><\/p>\n<p>El <strong>resto de servicios los tendr\u00e1s incluidos mediante un sistema de franquicias<\/strong>, es decir, un precio cerrado. Que te permitir\u00e1 <strong>ahorrarte entre un 40% y 60%<\/strong> del precio por particulares.[\/vc_column_text][vc_empty_space][\/vc_column_inner][vc_column_inner width=\u00bb3\/12&#8243;][vc_single_image image=\u00bb894&#8243; img_size=\u00bbfull\u00bb alignment=\u00bbcenter\u00bb onclick=\u00bbcustom_link\u00bb img_link_target=\u00bb_blank\u00bb qode_css_animation=\u00bb\u00bb qode_hover_animation=\u00bbdarken\u00bb link=\u00bbhttp:\/\/clinicaissa.com\/wp-content\/uploads\/2020\/03\/quadre_dental.pdf\u00bb][vc_empty_space height=\u00bb20px\u00bb][vc_single_image image=\u00bb721&#8243; img_size=\u00bbfull\u00bb alignment=\u00bbcenter\u00bb onclick=\u00bbcustom_link\u00bb img_link_target=\u00bb_blank\u00bb qode_css_animation=\u00bb\u00bb qode_hover_animation=\u00bbdarken\u00bb link=\u00bbhttp:\/\/clinicaissa.com\/wp-content\/uploads\/2024\/02\/tarifes_dental.pdf\u00bb][vc_empty_space height=\u00bb20px\u00bb][\/vc_column_inner][\/vc_row_inner][\/vc_column][\/vc_row]<\/p>\n<\/div>","protected":false},"excerpt":{"rendered":"<p>[vc_row css_animation=\u00bb\u00bb row_type=\u00bbrow\u00bb use_row_as_full_screen_section=\u00bbno\u00bb type=\u00bbfull_width\u00bb angled_section=\u00bbno\u00bb text_align=\u00bbleft\u00bb background_image_as_pattern=\u00bbwithout_pattern\u00bb css=\u00bb.vc_custom_1583232288600{padding-top: 50px !important;padding-bottom: 25px !important;}\u00bb z_index=\u00bb\u00bb][vc_column width=\u00bb2\/3&#8243;][vc_column_text] Issa Dental [\/vc_column_text][\/vc_column][vc_column width=\u00bb1\/3&#8243;][\/vc_column][\/vc_row][vc_row css_animation=\u00bb\u00bb row_type=\u00bbrow\u00bb use_row_as_full_screen_section=\u00bbno\u00bb type=\u00bbfull_width\u00bb angled_section=\u00bbno\u00bb text_align=\u00bbleft\u00bb background_image_as_pattern=\u00bbwithout_pattern\u00bb css=\u00bb.vc_custom_1582884264435{padding-bottom: 80px !important;}\u00bb z_index=\u00bb\u00bb][vc_column][vc_row_inner row_type=\u00bbrow\u00bb type=\u00bbfull_width\u00bb text_align=\u00bbleft\u00bb css_animation=\u00bb\u00bb][vc_column_inner width=\u00bb9\/12&#8243;][vc_column_text]La p\u00f3liza\u00a0 *Issa Dental te permitir\u00e1 disfrutar de la mejor asistencia&#8230;<\/p>\n","protected":false},"author":1,"featured_media":0,"parent":779,"menu_order":0,"comment_status":"closed","ping_status":"closed","template":"","meta":{"footnotes":""},"class_list":["post-796","page","type-page","status-publish","hentry"],"_links":{"self":[{"href":"https:\/\/clinicaissa.com\/es\/wp-json\/wp\/v2\/pages\/796","targetHints":{"allow":["GET"]}}],"collection":[{"href":"https:\/\/clinicaissa.com\/es\/wp-json\/wp\/v2\/pages"}],"about":[{"href":"https:\/\/clinicaissa.com\/es\/wp-json\/wp\/v2\/types\/page"}],"author":[{"embeddable":true,"href":"https:\/\/clinicaissa.com\/es\/wp-json\/wp\/v2\/users\/1"}],"replies":[{"embeddable":true,"href":"https:\/\/clinicaissa.com\/es\/wp-json\/wp\/v2\/comments?post=796"}],"version-history":[{"count":13,"href":"https:\/\/clinicaissa.com\/es\/wp-json\/wp\/v2\/pages\/796\/revisions"}],"predecessor-version":[{"id":1462,"href":"https:\/\/clinicaissa.com\/es\/wp-json\/wp\/v2\/pages\/796\/revisions\/1462"}],"up":[{"embeddable":true,"href":"https:\/\/clinicaissa.com\/es\/wp-json\/wp\/v2\/pages\/779"}],"wp:attachment":[{"href":"https:\/\/clinicaissa.com\/es\/wp-json\/wp\/v2\/media?parent=796"}],"curies":[{"name":"wp","href":"https:\/\/api.w.org\/{rel}","templated":true}]}}