{"id":799,"date":"2020-03-17T14:08:52","date_gmt":"2020-03-17T14:08:52","guid":{"rendered":"https:\/\/clinicaissa.com\/?page_id=799"},"modified":"2023-07-05T12:08:10","modified_gmt":"2023-07-05T12:08:10","slug":"issa-basic","status":"publish","type":"page","link":"https:\/\/clinicaissa.com\/es\/servicios\/issa-basic\/","title":{"rendered":"ISSA B\u00c0SIC"},"content":{"rendered":"<div class=\"wpb-content-wrapper\"><p>[vc_row css_animation=\u00bb\u00bb row_type=\u00bbrow\u00bb use_row_as_full_screen_section=\u00bbno\u00bb type=\u00bbfull_width\u00bb angled_section=\u00bbno\u00bb text_align=\u00bbleft\u00bb background_image_as_pattern=\u00bbwithout_pattern\u00bb css=\u00bb.vc_custom_1583232273744{padding-top: 50px !important;padding-bottom: 25px !important;}\u00bb z_index=\u00bb\u00bb][vc_column width=\u00bb2\/3&#8243;][vc_column_text]<\/p>\n<h1>Issa B\u00e0sic<\/h1>\n<p>[\/vc_column_text][\/vc_column][vc_column width=\u00bb1\/3&#8243;][\/vc_column][\/vc_row][vc_row css_animation=\u00bb\u00bb row_type=\u00bbrow\u00bb use_row_as_full_screen_section=\u00bbno\u00bb type=\u00bbfull_width\u00bb angled_section=\u00bbno\u00bb text_align=\u00bbleft\u00bb background_image_as_pattern=\u00bbwithout_pattern\u00bb css=\u00bb.vc_custom_1582887752921{padding-bottom: 25px !important;}\u00bb z_index=\u00bb\u00bb][vc_column][vc_row_inner row_type=\u00bbrow\u00bb type=\u00bbfull_width\u00bb text_align=\u00bbleft\u00bb css_animation=\u00bb\u00bb][vc_column_inner width=\u00bb9\/12&#8243;][vc_column_text]<\/p>\n<h2>Visitas m\u00e9dicas, pruebas m\u00e9dicas y tratamientos<\/h2>\n<ul>\n<li>Urgencias 24 Horas\/\u00a0Urgencias en el extranjero<\/li>\n<li>Medicina general<\/li>\n<li>Puericultura y Pediatr\u00eda<\/li>\n<li>Todas las especialidades m\u00e9dicas<\/li>\n<li>Tratamientos y visitas incluidas:\n<ul>\n<li>Homeopat\u00eda<\/li>\n<li>Acupuntura<\/li>\n<li>Psicolog\u00eda<\/li>\n<li>Logopedia<\/li>\n<\/ul>\n<\/li>\n<\/ul>\n<p>[\/vc_column_text][vc_column_text css=\u00bb.vc_custom_1688558719431{margin-top: 20px !important;}\u00bb]<strong>CARENCIAS:<\/strong><\/p>\n<p>Acupuntura, homeopat\u00eda y psicolog\u00eda <strong>carencia de 3 meses<\/strong><\/p>\n<p>Pruebas diagn\u00f3sticas <strong>carencia de 6 meses<\/strong>.[\/vc_column_text][vc_empty_space height=\u00bb20px\u00bb][\/vc_column_inner][vc_column_inner width=\u00bb3\/12&#8243;][vc_single_image image=\u00bb723&#8243; img_size=\u00bbfull\u00bb alignment=\u00bbcenter\u00bb onclick=\u00bbcustom_link\u00bb qode_css_animation=\u00bb\u00bb link=\u00bbhttps:\/\/clinicaissa.com\/es\/contacto\/\u00bb][vc_empty_space height=\u00bb40px\u00bb][\/vc_column_inner][\/vc_row_inner][\/vc_column][\/vc_row][vc_row css_animation=\u00bb\u00bb row_type=\u00bbrow\u00bb use_row_as_full_screen_section=\u00bbno\u00bb type=\u00bbfull_width\u00bb angled_section=\u00bbno\u00bb text_align=\u00bbcenter\u00bb background_image_as_pattern=\u00bbwithout_pattern\u00bb css=\u00bb.vc_custom_1582887675424{padding-top: 25px !important;padding-bottom: 25px !important;}\u00bb z_index=\u00bb\u00bb][vc_column][vc_column_text]<\/p>\n<h2>Especialidades m\u00e9dicas<\/h2>\n<p>[\/vc_column_text][vc_empty_space height=\u00bb30px\u00bb][vc_row_inner row_type=\u00bbrow\u00bb type=\u00bbfull_width\u00bb text_align=\u00bbleft\u00bb css_animation=\u00bb\u00bb][vc_column_inner width=\u00bb1\/4&#8243;][vc_column_text css=\u00bb.vc_custom_1582886713562{margin-bottom: 20px !important;}\u00bb]Dermatolog\u00eda[\/vc_column_text][\/vc_column_inner][vc_column_inner width=\u00bb1\/4&#8243;][vc_column_text css=\u00bb.vc_custom_1582886719666{margin-bottom: 20px !important;}\u00bb]Digestivo[\/vc_column_text][\/vc_column_inner][vc_column_inner width=\u00bb1\/4&#8243;][vc_column_text css=\u00bb.vc_custom_1582886729042{margin-bottom: 20px !important;}\u00bb]Endocrinolog\u00eda y Nutrici\u00f3n[\/vc_column_text][\/vc_column_inner][vc_column_inner width=\u00bb1\/4&#8243;][vc_column_text css=\u00bb.vc_custom_1582886736234{margin-bottom: 20px !important;}\u00bb]Ginecolog\u00eda Obstetricia[\/vc_column_text][\/vc_column_inner][\/vc_row_inner][vc_row_inner row_type=\u00bbrow\u00bb type=\u00bbfull_width\u00bb text_align=\u00bbleft\u00bb css_animation=\u00bb\u00bb][vc_column_inner width=\u00bb1\/4&#8243;][vc_column_text css=\u00bb.vc_custom_1582886744770{margin-bottom: 20px !important;}\u00bb]Hematolog\u00eda[\/vc_column_text][\/vc_column_inner][vc_column_inner width=\u00bb1\/4&#8243;][vc_column_text css=\u00bb.vc_custom_1582886752993{margin-bottom: 20px !important;}\u00bb]Medicina Interna[\/vc_column_text][\/vc_column_inner][vc_column_inner width=\u00bb1\/4&#8243;][vc_column_text css=\u00bb.vc_custom_1582886758632{margin-bottom: 20px !important;}\u00bb]Nefrolog\u00eda[\/vc_column_text][\/vc_column_inner][vc_column_inner width=\u00bb1\/4&#8243;][vc_column_text css=\u00bb.vc_custom_1582886765282{margin-bottom: 20px !important;}\u00bb]Neurolog\u00eda[\/vc_column_text][\/vc_column_inner][\/vc_row_inner][vc_row_inner row_type=\u00bbrow\u00bb type=\u00bbfull_width\u00bb text_align=\u00bbleft\u00bb css_animation=\u00bb\u00bb][vc_column_inner width=\u00bb1\/4&#8243;][vc_column_text css=\u00bb.vc_custom_1582886817390{margin-bottom: 20px !important;}\u00bb]Psiquiatr\u00eda[\/vc_column_text][\/vc_column_inner][vc_column_inner width=\u00bb1\/4&#8243;][vc_column_text css=\u00bb.vc_custom_1582886826622{margin-bottom: 20px !important;}\u00bb]Traumatolog\u00eda[\/vc_column_text][\/vc_column_inner][vc_column_inner width=\u00bb1\/4&#8243;][vc_column_text css=\u00bb.vc_custom_1582886834786{margin-bottom: 20px !important;}\u00bb]Urolog\u00eda[\/vc_column_text][\/vc_column_inner][vc_column_inner width=\u00bb1\/4&#8243;][vc_column_text css=\u00bb.vc_custom_1582886807127{margin-bottom: 20px !important;}\u00bb]Pneumolog\u00eda[\/vc_column_text][\/vc_column_inner][\/vc_row_inner][vc_row_inner row_type=\u00bbrow\u00bb type=\u00bbfull_width\u00bb text_align=\u00bbleft\u00bb css_animation=\u00bb\u00bb][vc_column_inner width=\u00bb1\/4&#8243;][vc_column_text css=\u00bb.vc_custom_1582886782621{margin-bottom: 20px !important;}\u00bb]Odontolog\u00eda<br \/>\n<small>(Revisiones, Extracciones, Ortopantomograf\u00eda)<\/small>[\/vc_column_text][\/vc_column_inner][vc_column_inner width=\u00bb1\/4&#8243;][vc_column_text css=\u00bb.vc_custom_1582886789942{margin-bottom: 20px !important;}\u00bb]Oftalmolog\u00eda[\/vc_column_text][\/vc_column_inner][vc_column_inner width=\u00bb1\/4&#8243;][vc_column_text css=\u00bb.vc_custom_1582886796024{margin-bottom: 20px !important;}\u00bb]Otorrinolaringolog\u00eda[\/vc_column_text][\/vc_column_inner][vc_column_inner width=\u00bb1\/4&#8243;][vc_column_text css=\u00bb.vc_custom_1582886807127{margin-bottom: 20px !important;}\u00bb]Pneumolog\u00eda[\/vc_column_text][\/vc_column_inner][\/vc_row_inner][\/vc_column][\/vc_row][vc_row css_animation=\u00bb\u00bb row_type=\u00bbrow\u00bb use_row_as_full_screen_section=\u00bbno\u00bb type=\u00bbfull_width\u00bb angled_section=\u00bbno\u00bb text_align=\u00bbcenter\u00bb background_image_as_pattern=\u00bbwithout_pattern\u00bb css=\u00bb.vc_custom_1582887837072{padding-top: 25px !important;padding-bottom: 80px !important;}\u00bb z_index=\u00bb\u00bb][vc_column][vc_column_text]<\/p>\n<h2>Pruebas diagn\u00f3sticas y tratamientos<\/h2>\n<p>[\/vc_column_text][vc_empty_space height=\u00bb30px\u00bb][vc_row_inner row_type=\u00bbrow\u00bb type=\u00bbfull_width\u00bb text_align=\u00bbleft\u00bb css_animation=\u00bb\u00bb][vc_column_inner width=\u00bb1\/4&#8243;][vc_column_text css=\u00bb.vc_custom_1582887024883{margin-bottom: 20px !important;}\u00bb]Anatom\u00eda Patol\u00f3gica[\/vc_column_text][\/vc_column_inner][vc_column_inner width=\u00bb1\/4&#8243;][vc_column_text css=\u00bb.vc_custom_1582887033507{margin-bottom: 20px !important;}\u00bb]Angiograf\u00eda[\/vc_column_text][\/vc_column_inner][vc_column_inner width=\u00bb1\/4&#8243;][vc_column_text css=\u00bb.vc_custom_1582887130066{margin-bottom: 20px !important;}\u00bb]Audiometr\u00eda[\/vc_column_text][\/vc_column_inner][vc_column_inner width=\u00bb1\/4&#8243;][vc_column_text css=\u00bb.vc_custom_1582887039614{margin-bottom: 20px !important;}\u00bb]Biometr\u00eda[\/vc_column_text][\/vc_column_inner][\/vc_row_inner][vc_row_inner row_type=\u00bbrow\u00bb type=\u00bbfull_width\u00bb text_align=\u00bbleft\u00bb css_animation=\u00bb\u00bb][vc_column_inner width=\u00bb1\/4&#8243;][vc_column_text css=\u00bb.vc_custom_1582887046139{margin-bottom: 20px !important;}\u00bb]Campietr\u00eda[\/vc_column_text][\/vc_column_inner][vc_column_inner width=\u00bb1\/4&#8243;][vc_column_text css=\u00bb.vc_custom_1582887053763{margin-bottom: 20px !important;}\u00bb]Dacriocistograf\u00eda[\/vc_column_text][\/vc_column_inner][vc_column_inner width=\u00bb1\/4&#8243;][vc_column_text css=\u00bb.vc_custom_1582887061689{margin-bottom: 20px !important;}\u00bb]Densiometr\u00eda Ossia[\/vc_column_text][\/vc_column_inner][vc_column_inner width=\u00bb1\/4&#8243;][vc_column_text css=\u00bb.vc_custom_1582887069459{margin-bottom: 20px !important;}\u00bb]Divas[\/vc_column_text][\/vc_column_inner][\/vc_row_inner][vc_row_inner row_type=\u00bbrow\u00bb type=\u00bbfull_width\u00bb text_align=\u00bbleft\u00bb css_animation=\u00bb\u00bb][vc_column_inner width=\u00bb1\/4&#8243;][vc_column_text css=\u00bb.vc_custom_1582887097073{margin-bottom: 20px !important;}\u00bb]Ecograf\u00eda<br \/>\n<small>(Ecodoppler, Ecocardiograma y el ocular)<\/small>[\/vc_column_text][\/vc_column_inner][vc_column_inner width=\u00bb1\/4&#8243;][vc_column_text css=\u00bb.vc_custom_1582887150686{margin-bottom: 20px !important;}\u00bb]Electrocardiograma<br \/>\n<small>(Ergometr\u00eda y Ergometr\u00eda Con Gammagraf\u00eda Mioc\u00e1rdica)<\/small>[\/vc_column_text][\/vc_column_inner][vc_column_inner width=\u00bb1\/4&#8243;][vc_column_text css=\u00bb.vc_custom_1582887179377{margin-bottom: 20px !important;}\u00bb]Electroencefalograma[\/vc_column_text][\/vc_column_inner][vc_column_inner width=\u00bb1\/4&#8243;][vc_column_text css=\u00bb.vc_custom_1582887185297{margin-bottom: 20px !important;}\u00bb]Electromiograma[\/vc_column_text][\/vc_column_inner][\/vc_row_inner][vc_row_inner row_type=\u00bbrow\u00bb type=\u00bbfull_width\u00bb text_align=\u00bbleft\u00bb css_animation=\u00bb\u00bb][vc_column_inner width=\u00bb1\/4&#8243;][vc_column_text css=\u00bb.vc_custom_1582887190992{margin-bottom: 20px !important;}\u00bb]Electronistagmograf\u00eda[\/vc_column_text][\/vc_column_inner][vc_column_inner width=\u00bb1\/4&#8243;][vc_column_text css=\u00bb.vc_custom_1582887501721{margin-bottom: 20px !important;}\u00bb]Electroretinograma \u2013<br \/>\nElectrooculograma[\/vc_column_text][\/vc_column_inner][vc_column_inner width=\u00bb1\/4&#8243;][vc_column_text css=\u00bb.vc_custom_1582887207681{margin-bottom: 20px !important;}\u00bb]Espirometr\u00eda[\/vc_column_text][\/vc_column_inner][vc_column_inner width=\u00bb1\/4&#8243;][vc_column_text css=\u00bb.vc_custom_1582887495537{margin-bottom: 20px !important;}\u00bb]Estroboscopia<br \/>\nlar\u00edngea[\/vc_column_text][\/vc_column_inner][\/vc_row_inner][vc_row_inner row_type=\u00bbrow\u00bb type=\u00bbfull_width\u00bb text_align=\u00bbleft\u00bb css_animation=\u00bb\u00bb][vc_column_inner width=\u00bb1\/4&#8243;][vc_column_text css=\u00bb.vc_custom_1582887422617{margin-bottom: 20px !important;}\u00bb]Uridinamia[\/vc_column_text][\/vc_column_inner][vc_column_inner width=\u00bb1\/4&#8243;][\/vc_column_inner][vc_column_inner width=\u00bb1\/4&#8243;][\/vc_column_inner][vc_column_inner width=\u00bb1\/4&#8243;][\/vc_column_inner][\/vc_row_inner][vc_row_inner row_type=\u00bbrow\u00bb type=\u00bbfull_width\u00bb text_align=\u00bbleft\u00bb css_animation=\u00bb\u00bb][vc_column_inner width=\u00bb1\/4&#8243;][vc_column_text css=\u00bb.vc_custom_1582887371417{margin-bottom: 20px !important;}\u00bb]Renograma[\/vc_column_text][\/vc_column_inner][vc_column_inner width=\u00bb1\/4&#8243;][vc_column_text css=\u00bb.vc_custom_1582887378665{margin-bottom: 20px !important;}\u00bb]Retinograf\u00eda[\/vc_column_text][\/vc_column_inner][vc_column_inner width=\u00bb1\/4&#8243;][vc_column_text css=\u00bb.vc_custom_1582887393651{margin-bottom: 20px !important;}\u00bb]Spect Miocard\u00edac<br \/>\n<small>(Reposo Y\/O Esfuerzo)<\/small>[\/vc_column_text][\/vc_column_inner][vc_column_inner width=\u00bb1\/4&#8243;][vc_column_text css=\u00bb.vc_custom_1582887516056{margin-bottom: 20px !important;}\u00bb]Tomograf\u00eda de<br \/>\ncoherencia \u00f3ptica[\/vc_column_text][\/vc_column_inner][\/vc_row_inner][vc_row_inner row_type=\u00bbrow\u00bb type=\u00bbfull_width\u00bb text_align=\u00bbleft\u00bb css_animation=\u00bb\u00bb][vc_column_inner width=\u00bb1\/4&#8243;][vc_column_text css=\u00bb.vc_custom_1582887306171{margin-bottom: 20px !important;}\u00bb]Pletismograf\u00eda[\/vc_column_text][\/vc_column_inner][vc_column_inner width=\u00bb1\/4&#8243;][vc_column_text css=\u00bb.vc_custom_1582887312185{margin-bottom: 20px !important;}\u00bb]Polisomnograf\u00eda[\/vc_column_text][\/vc_column_inner][vc_column_inner width=\u00bb1\/4&#8243;][vc_column_text css=\u00bb.vc_custom_1582887343113{margin-bottom: 20px !important;}\u00bb]Potenciales<br \/>\n<small>(Evocados + Pruebas Vestibular)<\/small>[\/vc_column_text][\/vc_column_inner][vc_column_inner width=\u00bb1\/4&#8243;][vc_column_text css=\u00bb.vc_custom_1582887362961{margin-bottom: 20px !important;}\u00bb]Radiolog\u00eda Convencional<br \/>\n<small>(Taco, Gammagraf\u00eda Con Punci\u00f3n Y Resonancia Magn\u00e9tica Nuclear)<\/small>[\/vc_column_text][\/vc_column_inner][\/vc_row_inner][vc_row_inner row_type=\u00bbrow\u00bb type=\u00bbfull_width\u00bb text_align=\u00bbleft\u00bb css_animation=\u00bb\u00bb][vc_column_inner width=\u00bb1\/4&#8243;][vc_column_text css=\u00bb.vc_custom_1582887247290{margin-bottom: 20px !important;}\u00bb]Fistulograf\u00eda[\/vc_column_text][\/vc_column_inner][vc_column_inner width=\u00bb1\/4&#8243;][vc_column_text css=\u00bb.vc_custom_1582887524777{margin-bottom: 20px !important;}\u00bb]Holter tensi\u00f3n arterial<br \/>\ny cardiol\u00f3gico[\/vc_column_text][\/vc_column_inner][vc_column_inner width=\u00bb1\/4&#8243;][vc_column_text css=\u00bb.vc_custom_1582887283337{margin-bottom: 20px !important;}\u00bb]Paquimetr\u00eda[\/vc_column_text][\/vc_column_inner][vc_column_inner width=\u00bb1\/4&#8243;][vc_column_text css=\u00bb.vc_custom_1582887290667{margin-bottom: 20px !important;}\u00bb]Ph-Metr\u00eda[\/vc_column_text][\/vc_column_inner][\/vc_row_inner][\/vc_column][\/vc_row]<\/p>\n<\/div>","protected":false},"excerpt":{"rendered":"<p>[vc_row css_animation=\u00bb\u00bb row_type=\u00bbrow\u00bb use_row_as_full_screen_section=\u00bbno\u00bb type=\u00bbfull_width\u00bb angled_section=\u00bbno\u00bb text_align=\u00bbleft\u00bb background_image_as_pattern=\u00bbwithout_pattern\u00bb css=\u00bb.vc_custom_1583232273744{padding-top: 50px !important;padding-bottom: 25px !important;}\u00bb z_index=\u00bb\u00bb][vc_column width=\u00bb2\/3&#8243;][vc_column_text] Issa B\u00e0sic [\/vc_column_text][\/vc_column][vc_column width=\u00bb1\/3&#8243;][\/vc_column][\/vc_row][vc_row css_animation=\u00bb\u00bb row_type=\u00bbrow\u00bb use_row_as_full_screen_section=\u00bbno\u00bb type=\u00bbfull_width\u00bb angled_section=\u00bbno\u00bb text_align=\u00bbleft\u00bb background_image_as_pattern=\u00bbwithout_pattern\u00bb css=\u00bb.vc_custom_1582887752921{padding-bottom: 25px !important;}\u00bb z_index=\u00bb\u00bb][vc_column][vc_row_inner row_type=\u00bbrow\u00bb type=\u00bbfull_width\u00bb text_align=\u00bbleft\u00bb css_animation=\u00bb\u00bb][vc_column_inner width=\u00bb9\/12&#8243;][vc_column_text] Visitas m\u00e9dicas, pruebas m\u00e9dicas y tratamientos Urgencias 24 Horas\/\u00a0Urgencias en&#8230;<\/p>\n","protected":false},"author":1,"featured_media":0,"parent":779,"menu_order":0,"comment_status":"closed","ping_status":"closed","template":"","meta":{"footnotes":""},"class_list":["post-799","page","type-page","status-publish","hentry"],"_links":{"self":[{"href":"https:\/\/clinicaissa.com\/es\/wp-json\/wp\/v2\/pages\/799","targetHints":{"allow":["GET"]}}],"collection":[{"href":"https:\/\/clinicaissa.com\/es\/wp-json\/wp\/v2\/pages"}],"about":[{"href":"https:\/\/clinicaissa.com\/es\/wp-json\/wp\/v2\/types\/page"}],"author":[{"embeddable":true,"href":"https:\/\/clinicaissa.com\/es\/wp-json\/wp\/v2\/users\/1"}],"replies":[{"embeddable":true,"href":"https:\/\/clinicaissa.com\/es\/wp-json\/wp\/v2\/comments?post=799"}],"version-history":[{"count":12,"href":"https:\/\/clinicaissa.com\/es\/wp-json\/wp\/v2\/pages\/799\/revisions"}],"predecessor-version":[{"id":1443,"href":"https:\/\/clinicaissa.com\/es\/wp-json\/wp\/v2\/pages\/799\/revisions\/1443"}],"up":[{"embeddable":true,"href":"https:\/\/clinicaissa.com\/es\/wp-json\/wp\/v2\/pages\/779"}],"wp:attachment":[{"href":"https:\/\/clinicaissa.com\/es\/wp-json\/wp\/v2\/media?parent=799"}],"curies":[{"name":"wp","href":"https:\/\/api.w.org\/{rel}","templated":true}]}}