{"id":802,"date":"2020-03-18T08:06:19","date_gmt":"2020-03-18T08:06:19","guid":{"rendered":"https:\/\/clinicaissa.com\/?page_id=802"},"modified":"2024-03-21T10:15:39","modified_gmt":"2024-03-21T10:15:39","slug":"issa-10","status":"publish","type":"page","link":"https:\/\/clinicaissa.com\/es\/servicios\/issa-10\/","title":{"rendered":"ISSA 10"},"content":{"rendered":"<div class=\"wpb-content-wrapper\"><p>[vc_row css_animation=\u00bb\u00bb row_type=\u00bbrow\u00bb use_row_as_full_screen_section=\u00bbno\u00bb type=\u00bbfull_width\u00bb angled_section=\u00bbno\u00bb text_align=\u00bbleft\u00bb background_image_as_pattern=\u00bbwithout_pattern\u00bb css=\u00bb.vc_custom_1583232212568{padding-top: 50px !important;padding-bottom: 25px !important;}\u00bb z_index=\u00bb\u00bb][vc_column width=\u00bb2\/3&#8243;][vc_column_text]<\/p>\n<h1>Issa 10<\/h1>\n<p>[\/vc_column_text][\/vc_column][vc_column width=\u00bb1\/3&#8243;][\/vc_column][\/vc_row][vc_row css_animation=\u00bb\u00bb row_type=\u00bbrow\u00bb use_row_as_full_screen_section=\u00bbno\u00bb type=\u00bbfull_width\u00bb angled_section=\u00bbno\u00bb text_align=\u00bbleft\u00bb background_image_as_pattern=\u00bbwithout_pattern\u00bb css=\u00bb.vc_custom_1582887928240{padding-bottom: 25px !important;}\u00bb z_index=\u00bb\u00bb][vc_column][vc_row_inner row_type=\u00bbrow\u00bb type=\u00bbfull_width\u00bb text_align=\u00bbleft\u00bb css_animation=\u00bb\u00bb][vc_column_inner width=\u00bb9\/12&#8243;][vc_column_text]<\/p>\n<h2>Visitas m\u00e9dicas, pruebas m\u00e9dicas, tratamientos e intervenciones *quir\u00fargicas. Con o sin estancia hospitalaria<\/h2>\n<ul>\n<li>Urgencias 24 Horas\u00a0\/\u00a0Urgencias en el extranjero<\/li>\n<li>Consultor\u00eda m\u00e9dica telef\u00f3nica 24 H<\/li>\n<li>Urgencias domiciliar\u00edas<\/li>\n<li>Medicina y enfermer\u00eda 24 horas\u00a0en el d\u00eda 365 d\u00edas el a\u00f1o<\/li>\n<li>Ambulancias<\/li>\n<li>Medicina general<\/li>\n<li>Puericultura y Pediatr\u00eda<\/li>\n<li>Seguimiento del embarazo y asistencia al parto<\/li>\n<li>Todas las especialidades m\u00e9dicas<\/li>\n<li>Pruebas diagn\u00f3sticas<\/li>\n<li>Medicina preventiva<\/li>\n<li>Intervenciones quir\u00fargicas<\/li>\n<li>Hospitalizaci\u00f3n en habitaci\u00f3n individual con cama por el acompa\u00f1ante<\/li>\n<li>Tratamientos y visitas incluidas<\/li>\n<\/ul>\n<p>[\/vc_column_text][vc_column_text css=\u00bb.vc_custom_1582889991107{margin-top: 20px !important;}\u00bb]Las siguientes\u00a0 <strong>pruebas diagn\u00f3sticas<\/strong> de la p\u00f3liza Issa 10 tienen una <strong>carencia de 6 meses<\/strong>: Pruebas diagn\u00f3sticas complejas, Hospitalizaci\u00f3n e intervenciones quir\u00fargicas, Psicolog\u00eda y Logopedia.<\/p>\n<p>Los siguientes <strong>servicios<\/strong> tienen una<strong> carencia de 3 meses<\/strong>: Rehabilitaci\u00f3n, Podolog\u00eda, Homeopat\u00eda y acupuntura y Fisioterapia respiratoria infantil.<\/p>\n<p>Finalmente, la asistencia al parto es de 10 meses.<\/p>\n<p>Ahora bien, siempre que se <strong>trate de urgencia vital<\/strong>, <strong>no se aplicar\u00e1n carencias<\/strong>.[\/vc_column_text][vc_empty_space height=\u00bb20px\u00bb][\/vc_column_inner][vc_column_inner width=\u00bb3\/12&#8243;][vc_single_image image=\u00bb723&#8243; img_size=\u00bbfull\u00bb alignment=\u00bbcenter\u00bb onclick=\u00bbcustom_link\u00bb qode_css_animation=\u00bb\u00bb link=\u00bbhttps:\/\/clinicaissa.com\/es\/contacto\/\u00bb][vc_empty_space height=\u00bb40px\u00bb][\/vc_column_inner][\/vc_row_inner][\/vc_column][\/vc_row][vc_row css_animation=\u00bb\u00bb row_type=\u00bbrow\u00bb use_row_as_full_screen_section=\u00bbno\u00bb type=\u00bbfull_width\u00bb angled_section=\u00bbno\u00bb text_align=\u00bbcenter\u00bb background_image_as_pattern=\u00bbwithout_pattern\u00bb css=\u00bb.vc_custom_1582890116687{padding-top: 25px !important;padding-bottom: 80px !important;}\u00bb z_index=\u00bb\u00bb][vc_column][vc_column_text]<\/p>\n<h2>Especialidades y pruebas m\u00e9dicas incluidas<\/h2>\n<p>[\/vc_column_text][vc_empty_space height=\u00bb30&#8243;][vc_row_inner row_type=\u00bbrow\u00bb type=\u00bbfull_width\u00bb text_align=\u00bbleft\u00bb css_animation=\u00bb\u00bb][vc_column_inner width=\u00bb1\/4&#8243;][vc_column_text css=\u00bb.vc_custom_1582889376182{margin-bottom: 20px !important;}\u00bb]Acupuntura[\/vc_column_text][\/vc_column_inner][vc_column_inner width=\u00bb1\/4&#8243;][vc_column_text css=\u00bb.vc_custom_1582889486742{margin-bottom: 20px !important;}\u00bb]Al\u00b7lergolog\u00eda[\/vc_column_text][\/vc_column_inner][vc_column_inner width=\u00bb1\/4&#8243;][vc_column_text css=\u00bb.vc_custom_1582889521780{margin-bottom: 20px !important;}\u00bb]Aparato digestivo<br \/>\n<small>(adultos e infantil)<\/small>[\/vc_column_text][\/vc_column_inner][vc_column_inner width=\u00bb1\/4&#8243;][vc_column_text css=\u00bb.vc_custom_1582889541967{margin-bottom: 20px !important;}\u00bb]Aparato respiratorio<br \/>\n<small>(Neumolog\u00eda)<\/small>[\/vc_column_text][\/vc_column_inner][\/vc_row_inner][vc_row_inner row_type=\u00bbrow\u00bb type=\u00bbfull_width\u00bb text_align=\u00bbleft\u00bb css_animation=\u00bb\u00bb][vc_column_inner width=\u00bb1\/4&#8243;][vc_column_text css=\u00bb.vc_custom_1582889548825{margin-bottom: 20px !important;}\u00bb]Cardiolog\u00eda[\/vc_column_text][\/vc_column_inner][vc_column_inner width=\u00bb1\/4&#8243;][vc_column_text css=\u00bb.vc_custom_1582889563984{margin-bottom: 20px !important;}\u00bb]Cirug\u00eda general[\/vc_column_text][\/vc_column_inner][vc_column_inner width=\u00bb1\/4&#8243;][vc_column_text css=\u00bb.vc_custom_1582889571793{margin-bottom: 20px !important;}\u00bb]Cirug\u00eda digestiva[\/vc_column_text][\/vc_column_inner][vc_column_inner width=\u00bb1\/4&#8243;][vc_column_text css=\u00bb.vc_custom_1582889583081{margin-bottom: 20px !important;}\u00bb]Cirug\u00eda infantil[\/vc_column_text][\/vc_column_inner][\/vc_row_inner][vc_row_inner row_type=\u00bbrow\u00bb type=\u00bbfull_width\u00bb text_align=\u00bbleft\u00bb css_animation=\u00bb\u00bb][vc_column_inner width=\u00bb1\/4&#8243;][vc_column_text css=\u00bb.vc_custom_1582889603058{margin-bottom: 20px !important;}\u00bb]Cirug\u00eda maxillofacial[\/vc_column_text][\/vc_column_inner][vc_column_inner width=\u00bb1\/4&#8243;][vc_column_text css=\u00bb.vc_custom_1582889611729{margin-bottom: 20px !important;}\u00bb]Cirug\u00eda vascular[\/vc_column_text][\/vc_column_inner][vc_column_inner width=\u00bb1\/4&#8243;][vc_column_text css=\u00bb.vc_custom_1582889630994{margin-bottom: 20px !important;}\u00bb]Curso preparaci\u00f3n al parto[\/vc_column_text][\/vc_column_inner][vc_column_inner width=\u00bb1\/4&#8243;][vc_column_text css=\u00bb.vc_custom_1582889643256{margin-bottom: 20px !important;}\u00bb]Densiometr\u00eda \u00f3sea[\/vc_column_text][\/vc_column_inner][\/vc_row_inner][vc_row_inner row_type=\u00bbrow\u00bb type=\u00bbfull_width\u00bb text_align=\u00bbleft\u00bb css_animation=\u00bb\u00bb][vc_column_inner width=\u00bb1\/4&#8243;][vc_column_text css=\u00bb.vc_custom_1582889650559{margin-bottom: 20px !important;}\u00bb]Dermatolog\u00eda[\/vc_column_text][\/vc_column_inner][vc_column_inner width=\u00bb1\/4&#8243;][vc_column_text css=\u00bb.vc_custom_1582889672222{margin-bottom: 20px !important;}\u00bb]Endocrinolog\u00eda<br \/>\n<small>(adulto e infantil)<\/small>[\/vc_column_text][\/vc_column_inner][vc_column_inner width=\u00bb1\/4&#8243;][vc_column_text css=\u00bb.vc_custom_1582889683158{margin-bottom: 20px !important;}\u00bb]Farmacoterapia[\/vc_column_text][\/vc_column_inner][vc_column_inner width=\u00bb1\/4&#8243;][vc_column_text css=\u00bb.vc_custom_1582889692022{margin-bottom: 20px !important;}\u00bb]Fisioterapia respiratoria[\/vc_column_text][\/vc_column_inner][\/vc_row_inner][vc_row_inner row_type=\u00bbrow\u00bb type=\u00bbfull_width\u00bb text_align=\u00bbleft\u00bb css_animation=\u00bb\u00bb][vc_column_inner width=\u00bb1\/4&#8243;][vc_column_text css=\u00bb.vc_custom_1582889710424{margin-bottom: 20px !important;}\u00bb]Ginecolog\u00eda \u2013 Obstetricia[\/vc_column_text][\/vc_column_inner][vc_column_inner width=\u00bb1\/4&#8243;][vc_column_text css=\u00bb.vc_custom_1582889717719{margin-bottom: 20px !important;}\u00bb]Hematolog\u00eda[\/vc_column_text][\/vc_column_inner][vc_column_inner width=\u00bb1\/4&#8243;][vc_column_text css=\u00bb.vc_custom_1582889723585{margin-bottom: 20px !important;}\u00bb]Homeopat\u00eda[\/vc_column_text][\/vc_column_inner][vc_column_inner width=\u00bb1\/4&#8243;][vc_column_text css=\u00bb.vc_custom_1582889732274{margin-bottom: 20px !important;}\u00bb]Laserterapia anti\u00e1lgica[\/vc_column_text][\/vc_column_inner][\/vc_row_inner][vc_row_inner row_type=\u00bbrow\u00bb type=\u00bbfull_width\u00bb text_align=\u00bbleft\u00bb css_animation=\u00bb\u00bb][vc_column_inner width=\u00bb1\/4&#8243;][vc_column_text css=\u00bb.vc_custom_1582889798263{margin-bottom: 20px !important;}\u00bb]M\u00e9todos ablativos<br \/>\ny estimulativos[\/vc_column_text][\/vc_column_inner][vc_column_inner width=\u00bb1\/4&#8243;][vc_column_text css=\u00bb.vc_custom_1582889804553{margin-bottom: 20px !important;}\u00bb]Nefrolog\u00eda[\/vc_column_text][\/vc_column_inner][vc_column_inner width=\u00bb1\/4&#8243;][vc_column_text css=\u00bb.vc_custom_1582889810001{margin-bottom: 20px !important;}\u00bb]Neurolog\u00eda[\/vc_column_text][\/vc_column_inner][vc_column_inner width=\u00bb1\/4&#8243;][vc_column_text css=\u00bb.vc_custom_1582889817456{margin-bottom: 20px !important;}\u00bb]Odontolog\u00eda[\/vc_column_text][\/vc_column_inner][\/vc_row_inner][vc_row_inner row_type=\u00bbrow\u00bb type=\u00bbfull_width\u00bb text_align=\u00bbleft\u00bb css_animation=\u00bb\u00bb][vc_column_inner width=\u00bb1\/4&#8243;][vc_column_text css=\u00bb.vc_custom_1582889740711{margin-bottom: 20px !important;}\u00bb]Mamograf\u00eda[\/vc_column_text][\/vc_column_inner][vc_column_inner width=\u00bb1\/4&#8243;][vc_column_text css=\u00bb.vc_custom_1582889757494{margin-bottom: 20px !important;}\u00bb]Medicina General<br \/>\n<small>M\u00e9dico Cabecera<\/small>[\/vc_column_text][\/vc_column_inner][vc_column_inner width=\u00bb1\/4&#8243;][vc_column_text css=\u00bb.vc_custom_1582889771808{margin-bottom: 20px !important;}\u00bb]Medicina interna[\/vc_column_text][\/vc_column_inner][vc_column_inner width=\u00bb1\/4&#8243;][vc_column_text css=\u00bb.vc_custom_1582889778152{margin-bottom: 20px !important;}\u00bb]Mesoterapia[\/vc_column_text][\/vc_column_inner][\/vc_row_inner][vc_row_inner row_type=\u00bbrow\u00bb type=\u00bbfull_width\u00bb text_align=\u00bbleft\u00bb css_animation=\u00bb\u00bb][vc_column_inner width=\u00bb1\/4&#8243;][vc_column_text css=\u00bb.vc_custom_1582889826249{margin-bottom: 20px !important;}\u00bb]Oftalmolog\u00eda[\/vc_column_text][\/vc_column_inner][vc_column_inner width=\u00bb1\/4&#8243;][vc_column_text css=\u00bb.vc_custom_1582889843735{margin-bottom: 20px !important;}\u00bb]Otorrino-laringolog\u00eda[\/vc_column_text][\/vc_column_inner][vc_column_inner width=\u00bb1\/4&#8243;][vc_column_text css=\u00bb.vc_custom_1582889850607{margin-bottom: 20px !important;}\u00bb]Pediatr\u00eda[\/vc_column_text][\/vc_column_inner][vc_column_inner width=\u00bb1\/4&#8243;][vc_column_text css=\u00bb.vc_custom_1582889856767{margin-bottom: 20px !important;}\u00bb]Podolog\u00eda[\/vc_column_text][\/vc_column_inner][\/vc_row_inner][vc_row_inner row_type=\u00bbrow\u00bb type=\u00bbfull_width\u00bb text_align=\u00bbleft\u00bb css_animation=\u00bb\u00bb][vc_column_inner width=\u00bb1\/4&#8243;][vc_column_text css=\u00bb.vc_custom_1582889869055{margin-bottom: 20px !important;}\u00bb]Pruebas de esfuerzo[\/vc_column_text][\/vc_column_inner][vc_column_inner width=\u00bb1\/4&#8243;][vc_column_text css=\u00bb.vc_custom_1582889889418{margin-bottom: 20px !important;}\u00bb]Psicolog\u00eda[\/vc_column_text][\/vc_column_inner][vc_column_inner width=\u00bb1\/4&#8243;][vc_column_text css=\u00bb.vc_custom_1582889897843{margin-bottom: 20px !important;}\u00bb]Psiquiatr\u00eda[\/vc_column_text][\/vc_column_inner][vc_column_inner width=\u00bb1\/4&#8243;][vc_column_text css=\u00bb.vc_custom_1582889906861{margin-bottom: 20px !important;}\u00bb]Rehabilitaci\u00f3n[\/vc_column_text][\/vc_column_inner][\/vc_row_inner][vc_row_inner row_type=\u00bbrow\u00bb type=\u00bbfull_width\u00bb text_align=\u00bbleft\u00bb css_animation=\u00bb\u00bb][vc_column_inner width=\u00bb1\/4&#8243;][vc_column_text css=\u00bb.vc_custom_1582889913931{margin-bottom: 20px !important;}\u00bb]Reumatolog\u00eda[\/vc_column_text][\/vc_column_inner][vc_column_inner width=\u00bb1\/4&#8243;][vc_column_text css=\u00bb.vc_custom_1582889920974{margin-bottom: 20px !important;}\u00bb]Traumatolog\u00eda[\/vc_column_text][\/vc_column_inner][vc_column_inner width=\u00bb1\/4&#8243;][vc_column_text css=\u00bb.vc_custom_1582889928139{margin-bottom: 20px !important;}\u00bb]Urolog\u00eda[\/vc_column_text][\/vc_column_inner][vc_column_inner width=\u00bb1\/4&#8243;][\/vc_column_inner][\/vc_row_inner][\/vc_column][\/vc_row]<\/p>\n<\/div>","protected":false},"excerpt":{"rendered":"<p>[vc_row css_animation=\u00bb\u00bb row_type=\u00bbrow\u00bb use_row_as_full_screen_section=\u00bbno\u00bb type=\u00bbfull_width\u00bb angled_section=\u00bbno\u00bb text_align=\u00bbleft\u00bb background_image_as_pattern=\u00bbwithout_pattern\u00bb css=\u00bb.vc_custom_1583232212568{padding-top: 50px !important;padding-bottom: 25px !important;}\u00bb z_index=\u00bb\u00bb][vc_column width=\u00bb2\/3&#8243;][vc_column_text] Issa 10 [\/vc_column_text][\/vc_column][vc_column width=\u00bb1\/3&#8243;][\/vc_column][\/vc_row][vc_row css_animation=\u00bb\u00bb row_type=\u00bbrow\u00bb use_row_as_full_screen_section=\u00bbno\u00bb type=\u00bbfull_width\u00bb angled_section=\u00bbno\u00bb text_align=\u00bbleft\u00bb background_image_as_pattern=\u00bbwithout_pattern\u00bb css=\u00bb.vc_custom_1582887928240{padding-bottom: 25px !important;}\u00bb z_index=\u00bb\u00bb][vc_column][vc_row_inner row_type=\u00bbrow\u00bb type=\u00bbfull_width\u00bb text_align=\u00bbleft\u00bb css_animation=\u00bb\u00bb][vc_column_inner width=\u00bb9\/12&#8243;][vc_column_text] Visitas m\u00e9dicas, pruebas m\u00e9dicas, tratamientos e intervenciones *quir\u00fargicas. Con o&#8230;<\/p>\n","protected":false},"author":1,"featured_media":0,"parent":779,"menu_order":0,"comment_status":"closed","ping_status":"closed","template":"","meta":{"footnotes":""},"class_list":["post-802","page","type-page","status-publish","hentry"],"_links":{"self":[{"href":"https:\/\/clinicaissa.com\/es\/wp-json\/wp\/v2\/pages\/802","targetHints":{"allow":["GET"]}}],"collection":[{"href":"https:\/\/clinicaissa.com\/es\/wp-json\/wp\/v2\/pages"}],"about":[{"href":"https:\/\/clinicaissa.com\/es\/wp-json\/wp\/v2\/types\/page"}],"author":[{"embeddable":true,"href":"https:\/\/clinicaissa.com\/es\/wp-json\/wp\/v2\/users\/1"}],"replies":[{"embeddable":true,"href":"https:\/\/clinicaissa.com\/es\/wp-json\/wp\/v2\/comments?post=802"}],"version-history":[{"count":11,"href":"https:\/\/clinicaissa.com\/es\/wp-json\/wp\/v2\/pages\/802\/revisions"}],"predecessor-version":[{"id":1478,"href":"https:\/\/clinicaissa.com\/es\/wp-json\/wp\/v2\/pages\/802\/revisions\/1478"}],"up":[{"embeddable":true,"href":"https:\/\/clinicaissa.com\/es\/wp-json\/wp\/v2\/pages\/779"}],"wp:attachment":[{"href":"https:\/\/clinicaissa.com\/es\/wp-json\/wp\/v2\/media?parent=802"}],"curies":[{"name":"wp","href":"https:\/\/api.w.org\/{rel}","templated":true}]}}